{"id":139,"date":"2021-07-31T18:15:44","date_gmt":"2021-07-31T16:15:44","guid":{"rendered":"https:\/\/automotoecole-issurtille-stjulien.fr\/?page_id=139"},"modified":"2022-03-29T13:05:01","modified_gmt":"2022-03-29T11:05:01","slug":"conduite-supervisee","status":"publish","type":"page","link":"https:\/\/automotoecole-issurtille-stjulien.fr\/index.php\/conduite-supervisee\/","title":{"rendered":"Conduite supervis\u00e9e"},"content":{"rendered":"\n<figure class=\"wp-block-image\"><img decoding=\"async\" src=\"https:\/\/www.autoecole-az.fr\/gifs\/conduite-supervisee.jpg\" alt=\"Afficher l\u2019image source\"\/><\/figure>\n\n\n\n<p>La conduite supervis\u00e9e permet au candidat \u00e2g\u00e9 de 18 ans au minimum, inscrit dans une \u00e9cole de conduite, de compl\u00e9ter sa formation initiale par une phase de conduite \u00absupervis\u00e9e\u00bb par un accompagnateur, afin de passer l\u2019\u00e9preuve pratique dans des conditions plus sereines. Cette forme d\u2019apprentissage est plus souple que l\u2019apprentissage anticip\u00e9 de la conduite (AAC),&nbsp;mais&nbsp;poss\u00e8de&nbsp;des&nbsp;avantages&nbsp;similaires.<\/p>\n\n\n\n<h2 class=\"wp-block-heading\">\u00c0 qui s\u2019adresse la conduite supervis\u00e9e ?<\/h2>\n\n\n\n<p>L&rsquo;apprentissage en conduite supervis\u00e9e des v\u00e9hicules l\u00e9gers s\u2019adresse aux candidats, de 18 ans au minimum, qui souhaitent acqu\u00e9rir une exp\u00e9rience de conduite avant le passage de l\u2019examen du permis de conduire ou apr\u00e8s, en cas d&rsquo;\u00e9chec(s) \u00e0 l\u2019\u00e9preuve pratique.<\/p>\n\n\n\n<p>Pour vous inscrire, vous devez aussi avoir l\u2019accord de l\u2019assureur du v\u00e9hicule.<\/p>\n\n\n\n<h2 class=\"wp-block-heading\">Quelles sont les conditions d\u2019acc\u00e8s ?<\/h2>\n\n\n\n<h3 class=\"wp-block-heading\">On peut choisir la conduite supervis\u00e9e :<\/h3>\n\n\n\n<ul class=\"wp-block-list\"><li>soit avant le passage de l\u2019\u00e9preuve pratique (au moment de l\u2019inscription \u00e0 l\u2019auto-\u00e9cole&nbsp;ou \u00e0 tout moment de la formation) ;&nbsp;<\/li><li>soit apr\u00e8s un \u00e9chec \u00e0 l\u2019\u00e9preuve pratique.<\/li><\/ul>\n\n\n\n<h3 class=\"wp-block-heading\">&nbsp;<\/h3>\n\n\n\n<h3 class=\"wp-block-heading\">Pour y acc\u00e9der :&nbsp;<\/h3>\n\n\n\n<h4 class=\"wp-block-heading\">au moment de l\u2019inscription \u00e0 l\u2019auto-\u00e9cole&nbsp;ou \u00e0 tout moment de la formation<\/h4>\n\n\n\n<p>Il faut :<\/p>\n\n\n\n<ul class=\"wp-block-list\"><li>avoir r\u00e9ussi le code de la route ;&nbsp;<\/li><li>avoir suivi une formation pratique avec un enseignant de l\u2019\u00e9cole de conduite (20 heures minimum) ;&nbsp;<\/li><li>avoir b\u00e9n\u00e9fici\u00e9 d\u2019une \u00e9valuation favorable de la part de son enseignant de la conduite et de la s\u00e9curit\u00e9 routi\u00e8re&nbsp;et obtenu l\u2019attestation de fin de formation initiale (AFFI) figurant en annexe du livret d\u2019apprentissage, d\u00e9finie par arr\u00eat\u00e9 du ministre charg\u00e9 de la s\u00e9curit\u00e9 routi\u00e8re ;<\/li><\/ul>\n\n\n\n<p>Cette p\u00e9riode d\u00e9bute par un rendez-vous pr\u00e9alable qui a lieu en pr\u00e9sence de l\u2019enseignant de la conduite, de l\u2019\u00e9l\u00e8ve et du futur accompagnateur. L\u2019enseignant dispense alors ses conseils aux deux parties pour bien commencer la p\u00e9riode de conduite supervis\u00e9e.<\/p>\n\n\n\n<h4 class=\"wp-block-heading\">apr\u00e8s un \u00e9chec \u00e0 l\u2019\u00e9preuve pratique<\/h4>\n\n\n\n<p>Le candidat \u00e0 la possibilit\u00e9 d\u2019acc\u00e9der directement \u00e0 la conduite supervis\u00e9e, \u00e0 condition d\u2019avoir valid\u00e9 lors de l\u2019examen des comp\u00e9tences minimales pr\u00e9d\u00e9finies.<\/p>\n\n\n\n<p>Si les comp\u00e9tences minimales requises n\u2019ont pas \u00e9t\u00e9 valid\u00e9es, l\u2019acc\u00e8s \u00e0 la conduite supervis\u00e9e reste possible dans les conditions pr\u00e9cis\u00e9es au paragraphe pr\u00e9c\u00e9dent (acc\u00e8s \u00e0 la conduite supervis\u00e9e \u00ab&nbsp;\u00e0 tout moment de la formation&nbsp;\u00bb).<\/p>\n\n\n\n<figure class=\"wp-block-image\"><img decoding=\"async\" src=\"http:\/\/www.securite-routiere.gouv.fr\/sites\/default\/files\/conduite_supervisee.png\" alt=\"La conduite supervis\u00e9e\"\/><\/figure>\n\n\n\n<h2 class=\"wp-block-heading\">D\u00e9roul\u00e9 de la formation<\/h2>\n\n\n\n<p>La conduite supervis\u00e9e n\u2019impose ni dur\u00e9e minimale, ni distance minimale \u00e0 parcourir.<\/p>\n\n\n\n<h2 class=\"wp-block-heading\">Quels avantages pour le candidat ?<\/h2>\n\n\n\n<ul class=\"wp-block-list\"><li>acqu\u00e9rir un maximum d\u2019exp\u00e9rience et de confiance au volant avant le passage de l&rsquo;\u00e9preuve pratique ;<\/li><li>am\u00e9liorer \u00e0 moindre co\u00fbt ses acquis, notamment en attendant de repasser l\u2019examen pour celui qui a \u00e9chou\u00e9 \u00e0 l\u2019\u00e9preuve pratique.<\/li><\/ul>\n\n\n\n<h3 class=\"wp-block-heading\">Attention ! Pas de r\u00e9duction de la p\u00e9riode probatoire<\/h3>\n\n\n\n<p>Contrairement \u00e0 l\u2019apprentissage anticip\u00e9 de la conduite, cette formule ne permet pas de r\u00e9duire la dur\u00e9e de la p\u00e9riode probatoire. Les nouveaux titulaires du permis de conduire disposent de 6 points sur leur permis et doivent attendre trois ans sans infraction avant d\u2019en obtenir 12. Le candidat ne b\u00e9n\u00e9ficie donc pas n\u00e9cessairement de tarif&nbsp;pr\u00e9f\u00e9rentiel&nbsp;sur&nbsp;son&nbsp;assurance&nbsp;\u00ab&nbsp;jeune&nbsp;conducteur&nbsp;\u00bb.<\/p>\n\n\n\n<h2 class=\"wp-block-heading\">Les r\u00e8gles incontournables d&rsquo;assurance<\/h2>\n\n\n\n<h3 class=\"wp-block-heading\">Demande d\u2019une extension de garantie<\/h3>\n\n\n\n<p>Un exemplaire de l\u2019attestation de fin de formation initiale est transmis \u00e0 la soci\u00e9t\u00e9 d\u2019assurances par le souscripteur du contrat de formation.<\/p>\n\n\n\n<p>L\u2019accord pr\u00e9alable \u00e9crit de la soci\u00e9t\u00e9 d\u2019assurance&nbsp;doit \u00eatre obtenu sur l\u2019extension de garantie n\u00e9cessaire pour la conduite du ou des v\u00e9hicules utilis\u00e9s au cours de la future phase de conduite supervis\u00e9e. Cette extension n\u2019entra\u00eene pas de surprime.<\/p>\n\n\n\n<p>Cet accord pr\u00e9cise le ou les noms des accompagnateurs autoris\u00e9s par la soci\u00e9t\u00e9 d\u2019assurances \u00e0 assurer cette fonction. Il est joint au contrat de formation de l\u2019\u00e9l\u00e8ve qui pr\u00e9cise les obligations relatives \u00e0 la fonction d\u2019accompagnateur et les conditions sp\u00e9cifiques \u00e0 la conduite supervis\u00e9e ou \u00e0 l\u2019avenant au contrat de formation si le choix de la conduite supervis\u00e9e a \u00e9t\u00e9 d\u00e9cid\u00e9 apr\u00e8s la conclusion du contrat.<\/p>\n\n\n\n<h3 class=\"wp-block-heading\">En cas de refus de l\u2019assurance<\/h3>\n\n\n\n<p>L\u2019assureur peut refuser de d\u00e9livrer cette extension si le candidat a \u00e9t\u00e9 condamn\u00e9 pour :<\/p>\n\n\n\n<ul class=\"wp-block-list\"><li>homicide et blessures involontaires ;<\/li><li>conduite sous l\u2019emprise d\u2019un \u00e9tat alcoolique ;<\/li><li>d\u00e9lit de fuite ;<\/li><li>refus d\u2019ob\u00e9ir \u00e0 un ordre de s\u2019arr\u00eater \u00e9mis par les forces de l\u2019ordre ;<\/li><li>conduite en p\u00e9riode de suspension ou d\u2019annulation du permis.<\/li><\/ul>\n\n\n\n<p>L\u2019assureur peut \u00e9galement refuser d\u2019assurer le nouveau conducteur en apprentissage, s\u2019il estime que sa conduite pr\u00e9sente un risque est trop \u00e9lev\u00e9. Vous devrez alors changer d\u2019assureur pour \u00eatre couvert.<\/p>\n\n\n\n<p>Si vous estimez n\u00e9anmoins que ce refus est discriminant, vous pouvez saisir&nbsp;<a href=\"https:\/\/www.service-public.fr\/particuliers\/vosdroits\/F3052\" target=\"_blank\" rel=\"noreferrer noopener\">le m\u00e9diateur des assurances.<\/a><\/p>\n","protected":false},"excerpt":{"rendered":"<p>La conduite supervis\u00e9e permet au candidat \u00e2g\u00e9 de 18 ans au minimum, inscrit dans une \u00e9cole de conduite, de compl\u00e9ter sa formation initiale par une phase de conduite \u00absupervis\u00e9e\u00bb par un accompagnateur, afin de passer l\u2019\u00e9preuve pratique dans des conditions plus sereines. Cette forme d\u2019apprentissage est plus souple que l\u2019apprentissage anticip\u00e9 de la conduite (AAC),&nbsp;mais&nbsp;poss\u00e8de&nbsp;des&nbsp;avantages&nbsp;similaires.&hellip; <br \/> <a class=\"read-more\" href=\"https:\/\/automotoecole-issurtille-stjulien.fr\/index.php\/conduite-supervisee\/\">Lire la suite<\/a><\/p>\n","protected":false},"author":1,"featured_media":0,"parent":0,"menu_order":0,"comment_status":"closed","ping_status":"closed","template":"","meta":{"footnotes":""},"class_list":["post-139","page","type-page","status-publish","hentry"],"_links":{"self":[{"href":"https:\/\/automotoecole-issurtille-stjulien.fr\/index.php\/wp-json\/wp\/v2\/pages\/139","targetHints":{"allow":["GET"]}}],"collection":[{"href":"https:\/\/automotoecole-issurtille-stjulien.fr\/index.php\/wp-json\/wp\/v2\/pages"}],"about":[{"href":"https:\/\/automotoecole-issurtille-stjulien.fr\/index.php\/wp-json\/wp\/v2\/types\/page"}],"author":[{"embeddable":true,"href":"https:\/\/automotoecole-issurtille-stjulien.fr\/index.php\/wp-json\/wp\/v2\/users\/1"}],"replies":[{"embeddable":true,"href":"https:\/\/automotoecole-issurtille-stjulien.fr\/index.php\/wp-json\/wp\/v2\/comments?post=139"}],"version-history":[{"count":2,"href":"https:\/\/automotoecole-issurtille-stjulien.fr\/index.php\/wp-json\/wp\/v2\/pages\/139\/revisions"}],"predecessor-version":[{"id":309,"href":"https:\/\/automotoecole-issurtille-stjulien.fr\/index.php\/wp-json\/wp\/v2\/pages\/139\/revisions\/309"}],"wp:attachment":[{"href":"https:\/\/automotoecole-issurtille-stjulien.fr\/index.php\/wp-json\/wp\/v2\/media?parent=139"}],"curies":[{"name":"wp","href":"https:\/\/api.w.org\/{rel}","templated":true}]}}