{"id":141,"date":"2021-07-31T18:16:35","date_gmt":"2021-07-31T16:16:35","guid":{"rendered":"https:\/\/automotoecole-issurtille-stjulien.fr\/?page_id=141"},"modified":"2022-03-29T13:06:13","modified_gmt":"2022-03-29T11:06:13","slug":"apprentissage-anticipe-de-la-conduite","status":"publish","type":"page","link":"https:\/\/automotoecole-issurtille-stjulien.fr\/index.php\/apprentissage-anticipe-de-la-conduite\/","title":{"rendered":"Apprentissage anticip\u00e9 de la conduite"},"content":{"rendered":"\n<figure class=\"wp-block-image\"><img decoding=\"async\" src=\"https:\/\/th.bing.com\/th\/id\/R.94c3ef48c3f798086b4a9bb9c9db104e?rik=NEexn4Ns6mJzTQ&amp;riu=http%3a%2f%2fautoecolemarzin.fr%2fwp-content%2fuploads%2f2014%2f10%2fconduite-accompagnee.jpg&amp;ehk=nwRJbUQ3xKwYw8vj4HYqxIUBXdRV0ssz72%2f67WlJHzw%3d&amp;risl=&amp;pid=ImgRaw&amp;r=0\" alt=\"Afficher l\u2019image source\"\/><\/figure>\n\n\n\n<p>Un futur conducteur peut choisir d\u2019apprendre \u00e0 conduire d\u00e8s l\u2019\u00e2ge de 15 ans gr\u00e2ce \u00e0 la conduite accompagn\u00e9e, r\u00e9alis\u00e9e dans le cadre de l\u2019apprentissage anticip\u00e9 de la conduite (AAC).<\/p>\n\n\n\n<h2 class=\"wp-block-heading\">De quoi s\u2019agit-il ?&nbsp;<\/h2>\n\n\n\n<p>La conduite accompagn\u00e9e permet, apr\u00e8s une formation initiale en \u00e9cole de conduite, d\u2019acqu\u00e9rir de l\u2019exp\u00e9rience au volant en toute confiance et sous le contr\u00f4le d\u2019un accompagnateur, dans les conditions de circulation les plus vari\u00e9es possibles, avant le passage des \u00e9preuves pratiques et l\u2019obtention du permis de conduire et de l\u2019autonomie.<\/p>\n\n\n\n<p>En 2017, 213 898 permis de conduire de la cat\u00e9gorie B ont \u00e9t\u00e9 d\u00e9livr\u00e9s via la fili\u00e8re de l\u2019AAC, soit seulement 24,8 % de la totalit\u00e9 des permis d\u00e9livr\u00e9s pour cette cat\u00e9gorie.<\/p>\n\n\n\n<p>Pourtant, cette formation \u00ab au long cours \u00bb r\u00e9duit consid\u00e9rablement l\u2019accidentalit\u00e9 chez les conducteurs novices et enregistre un meilleur taux de r\u00e9ussite \u00e0 l\u2019examen.&nbsp;<\/p>\n\n\n\n<p>Le taux de r\u00e9ussite \u00e0 l\u2019\u00e9preuve pratique en vue de l\u2019obtention de la cat\u00e9gorie B du permis de conduire est de&nbsp;<strong>75&nbsp;<\/strong>% pour les candidats ayant suivi une formation anticip\u00e9e \u00e0 la conduite, contre 52 % pour les candidats qui ont suivi la formation traditionnelle.<\/p>\n\n\n\n<p><a rel=\"noreferrer noopener\" href=\"https:\/\/www.securite-routiere.gouv.fr\/sites\/default\/files\/2019-01\/depliantconduiteaccompagnee_2015_a3_bd1.pdf\" target=\"_blank\">T\u00e9l\u00e9charger le d\u00e9pliant \u00ab\u00a0la conduite accompagn\u00e9e, mon permis d\u00e9marre bien !\u00a0\u00bb<\/a> (PDF &#8211; 529.7 Ko)<\/p>\n\n\n\n<h2 class=\"wp-block-heading\">Quelles sont les conditions d&rsquo;acc\u00e8s ?&nbsp;<\/h2>\n\n\n\n<p>Pour s\u2019inscrire \u00e0 l\u2019AAC en \u00e9cole de conduite, il faut :<\/p>\n\n\n\n<ul class=\"wp-block-list\"><li>\u00eatre \u00e2g\u00e9 d\u2019au moins 15 ans ;<\/li><li>avoir l\u2019accord de son repr\u00e9sentant l\u00e9gal et de l\u2019assureur du v\u00e9hicule.<\/li><\/ul>\n\n\n\n<figure class=\"wp-block-image\"><img decoding=\"async\" src=\"https:\/\/www.securite-routiere.gouv.fr\/sites\/default\/files\/post_1_0.png\" alt=\"Simply Easy Learning\"\/><\/figure>\n\n\n\n<h3 class=\"wp-block-heading\">\u00c0 noter !<\/h3>\n\n\n\n<p>Pour les jeunes \u00e2g\u00e9s de moins de 16 ans, la copie de l\u2019attestation de recensement ou du certificat individuel de participation \u00e0 la journ\u00e9e d\u00e9fense et citoyennet\u00e9 (JDC) ou de l&rsquo;attestation individuelle d&rsquo;exemption n\u2019est pas requise pour l&rsquo;inscription.<\/p>\n\n\n\n<h2 class=\"wp-block-heading\">Quels avantages ?&nbsp;<\/h2>\n\n\n\n<p>La conduite accompagn\u00e9e permet notamment :<\/p>\n\n\n\n<ul class=\"wp-block-list\"><li>d&rsquo;acqu\u00e9rir une exp\u00e9rience de conduite. Gagner ainsi en confiance pour le passage pratique de l\u2019examen, mais aussi en tant que futur conducteur ;<\/li><li><strong>un taux de r\u00e9ussite plus important<\/strong>&nbsp;lors du passage de l\u2019\u00e9preuve du permis avec 75 % de r\u00e9ussite contre 57 % dans la fili\u00e8re traditionnelle ;<\/li><li><strong>une p\u00e9riode probatoire r\u00e9duite<\/strong>&nbsp;: les jeunes conducteurs ayant suivi la conduite accompagn\u00e9 seront cr\u00e9dit\u00e9s de leurs 12 points sur le permis \u00e0 l&rsquo;issue de 2 ans sans commettre d\u2019infraction, contre 3 ans pour les titulaires ayant obtenu le permis via la fili\u00e8re traditionnelle ;<\/li><li>passer l\u2019\u00e9preuve pratique du permis de conduire d\u00e8s 17 ans ;<\/li><li>obtenir un tarif pr\u00e9f\u00e9rentiel sur son assurance \u00abjeune conducteur\u00bb ;<\/li><li>commencer la formation initiale en \u00e9cole de conduite (code et conduite), d\u00e8s l\u2019\u00e2ge de 15 ans.<\/li><\/ul>\n\n\n\n<figure class=\"wp-block-image\"><img decoding=\"async\" src=\"https:\/\/www.securite-routiere.gouv.fr\/sites\/default\/files\/styles\/column\/public\/permis_probatoire_2020-1.png?itok=KVmSq0gq\" alt=\"\"\/><\/figure>\n\n\n\n<figure class=\"wp-block-image\"><img decoding=\"async\" src=\"https:\/\/www.securite-routiere.gouv.fr\/sites\/default\/files\/styles\/column\/public\/permis_probatoire_2020-2.png?itok=saSgpBks\" alt=\"\"\/><\/figure>\n\n\n\n<h2 class=\"wp-block-heading\">La formation initiale en \u00e9cole de conduite<\/h2>\n\n\n\n<p>Avant de pouvoir conduire avec l\u2019accompagnateur, l\u2019\u00e9l\u00e8ve doit suivre une formation initiale qui comprend&nbsp;:<\/p>\n\n\n\n<ul class=\"wp-block-list\"><li>une \u00e9valuation pr\u00e9alable d\u2019une heure ;<\/li><li>une formation th\u00e9orique sur les enjeux de la s\u00e9curit\u00e9 routi\u00e8re et permettant de pr\u00e9parer l\u2019\u00e9preuve th\u00e9orique g\u00e9n\u00e9rale dite \u00e9preuve du code ;<\/li><li>une formation pratique (cours de conduite) dont la dur\u00e9e ne peut \u00eatre inf\u00e9rieure \u00e0 20 heures.<\/li><\/ul>\n\n\n\n<p>Une fois l\u2019examen du code obtenu, et lorsque le niveau de conduite est jug\u00e9 satisfaisant par l\u2019enseignant de la conduite et de la s\u00e9curit\u00e9 routi\u00e8re, apr\u00e8s au moins 20 heures de formation obligatoire (ou davantage si l\u2019enseignant le juge n\u00e9cessaire), l\u2019enseignant d\u00e9livre \u00e0 l\u2019\u00e9l\u00e8ve une attestation de fin de formation initiale (AFFI). Celle-ci prouve que l\u2019\u00e9l\u00e8ve a atteint le niveau n\u00e9cessaire et indispensable pour commencer la conduite avec un accompagnateur. Il doit notamment savoir&nbsp;:<\/p>\n\n\n\n<ul class=\"wp-block-list\"><li>ma\u00eetriser le v\u00e9hicule \u00e0 allure lente ou mod\u00e9r\u00e9e, le trafic \u00e9tant faible ou nul&nbsp;;<\/li><li>choisir sa position sur la chauss\u00e9e, franchir une intersection ou changer de direction&nbsp;;<\/li><li>circuler dans des conditions normales sur route et en agglom\u00e9ration&nbsp;;<\/li><li>conna\u00eetre les situations pr\u00e9sentant des difficult\u00e9s particuli\u00e8res.<\/li><\/ul>\n\n\n\n<p>Cette attestation est consign\u00e9e dans le livret d\u2019apprentissage de l\u2019\u00e9l\u00e8ve. Elle est aussi remise \u00e0 la compagnie d\u2019assurance du candidat, car elle est indispensable pour commencer&nbsp;la&nbsp;conduite&nbsp;accompagn\u00e9e.<\/p>\n\n\n\n<ul class=\"wp-block-list\"><li><\/li><\/ul>\n\n\n\n<h2 class=\"wp-block-heading\">Qui peut \u00eatre accompagnateur ?&nbsp;<\/h2>\n\n\n\n<p>Pour \u00eatre accompagnateur, il faut :<\/p>\n\n\n\n<ul class=\"wp-block-list\"><li>\u00eatre titulaire du permis B depuis au moins cinq ans sans interruption ;<\/li><li>avoir obtenu l\u2019accord de son assureur ;<\/li><li>ne pas avoir \u00e9t\u00e9 condamn\u00e9 pour certains d\u00e9lits (homicides et blessures involontaires, conduite sous l\u2019emprise d\u2019\u00e9tat alcoolique, d\u00e9lit de fuite\u2026) ;<\/li><li>\u00eatre mentionn\u00e9 dans le contrat sign\u00e9 avec l&rsquo;\u00e9cole de conduite ;<\/li><li>participer \u00e0 l\u2019\u00e9valuation de la derni\u00e8re \u00e9tape de la formation initiale de l\u2019apprenti conducteur.<\/li><\/ul>\n\n\n\n<p>Il est possible, pour l&rsquo;\u00e9l\u00e8ve, d&rsquo;avoir plusieurs accompagnateurs, y compris hors du cadre familial.<\/p>\n\n\n\n<ul class=\"wp-block-list\"><li><\/li><\/ul>\n\n\n\n<h2 class=\"wp-block-heading\">Le d\u00e9roulement de la phase de conduite accompagn\u00e9e<\/h2>\n\n\n\n<p>Les grandes \u00e9tapes de l&rsquo;apprentissage anticip\u00e9 de la conduite sont :<\/p>\n\n\n\n<ul class=\"wp-block-list\"><li>un RDV p\u00e9dagogique avant de commencer l&rsquo;apprentissage ;<\/li><li>une dur\u00e9e de conduite accompagn\u00e9e de minimum 1 an ;<\/li><li>un nombre de kilom\u00e8tres parcourus&nbsp;sup\u00e9rieur \u00e0 3000 ;<\/li><li>deux RDV d&rsquo;\u00e9tape avec un formateur.<\/li><\/ul>\n\n\n\n<p>Un rendez-vous p\u00e9dagogique pr\u00e9alable avec l\u2019accompagnateur est obligatoire, d\u2019une dur\u00e9e minimale de deux heures. Le candidat se retrouve pour la premi\u00e8re fois en pr\u00e9sence du moniteur et de l\u2019accompagnateur. Ce dernier profite \u00e0 cette occasion de l\u2019apport des conseils et des informations d\u00e9livr\u00e9s par l\u2019enseignant de la conduite afin d\u2019assurer une continuit\u00e9 dans la formation.<\/p>\n\n\n\n<p>La conduite avec l\u2019accompagnateur se d\u00e9roule ensuite sur une dur\u00e9e minimale d\u2019un an. Durant cette p\u00e9riode, le conducteur devra parcourir au minimum 3 000 kilom\u00e8tres, sous la vigilance et les conseils de l\u2019accompagnateur.<\/p>\n\n\n\n<p>Un suivi est assur\u00e9 par l\u2019\u00e9cole de conduite sous la forme de deux rendez-vous p\u00e9dagogiques obligatoires avec l&rsquo;\u00e9l\u00e8ve, l\u2019un entre 6 et 8 mois de conduite (et environ 1 000 kilom\u00e8tres parcourus), l\u2019autre \u00e0 l\u2019issue des 3 000 km.&nbsp;<\/p>\n\n\n\n<p>C\u2019est lors du deuxi\u00e8me rendez-vous p\u00e9dagogique que le formateur d\u00e9cide si le candidat est pr\u00eat \u00e0 passer l&rsquo;\u00e9preuve pratique du permis de conduire lorsqu&rsquo;il aura 17 ans et demi.<\/p>\n\n\n\n<p>Aussi, dans le cadre de l\u2019apprentissage anticip\u00e9 de la conduite (AAC), les devis propos\u00e9s par les auto-\u00e9coles doivent pr\u00e9ciser :<\/p>\n\n\n\n<ul class=\"wp-block-list\"><li>le rendez-vous p\u00e9dagogique pr\u00e9alable avec l\u2019accompagnateur et le moniteur d\u2019\u00e9cole de conduite d\u2019une dur\u00e9e minimale de deux heures ;<\/li><li>les deux rendez-vous p\u00e9dagogiques obligatoires, avec l\u2019accompagnateur et le moniteur ;<\/li><li>la formation th\u00e9orique : pr\u00e9paration et pr\u00e9sentation \u00e0 l\u2019examen du code de la route.<\/li><\/ul>\n\n\n\n<h2 class=\"wp-block-heading\">R\u00e8gles particuli\u00e8res \u00e0 respecter<\/h2>\n\n\n\n<p>Toutes les r\u00e8gles du code de la route doivent \u00eatre respect\u00e9es par vous comme par votre accompagnateur.<\/p>\n\n\n\n<p>Vous ne pouvez pas conduire en dehors des fronti\u00e8res nationales et devez respecter les limitations de vitesse qui s&rsquo;appliquent aux conducteurs novices.<\/p>\n\n\n\n<p><strong>Attention<\/strong>&nbsp;: en conduite accompagn\u00e9e, vous devez toujours garder avec vous le formulaire de demande de permis de conduire ou sa photocopie, le livret d\u2019apprentissage et le document d\u2019extension de garantie de l\u2019assurance. Seul le formulaire de demande de permis de conduire permet de justifier de la situation d\u2019apprentissage de la conduite, en cas de contr\u00f4le par les forces de l\u2019ordre.<\/p>\n","protected":false},"excerpt":{"rendered":"<p>Un futur conducteur peut choisir d\u2019apprendre \u00e0 conduire d\u00e8s l\u2019\u00e2ge de 15 ans gr\u00e2ce \u00e0 la conduite accompagn\u00e9e, r\u00e9alis\u00e9e dans le cadre de l\u2019apprentissage anticip\u00e9 de la conduite (AAC). De quoi s\u2019agit-il ?&nbsp; La conduite accompagn\u00e9e permet, apr\u00e8s une formation initiale en \u00e9cole de conduite, d\u2019acqu\u00e9rir de l\u2019exp\u00e9rience au volant en toute confiance et sous&hellip; <br \/> <a class=\"read-more\" href=\"https:\/\/automotoecole-issurtille-stjulien.fr\/index.php\/apprentissage-anticipe-de-la-conduite\/\">Lire la suite<\/a><\/p>\n","protected":false},"author":1,"featured_media":0,"parent":0,"menu_order":0,"comment_status":"closed","ping_status":"closed","template":"","meta":{"footnotes":""},"class_list":["post-141","page","type-page","status-publish","hentry"],"_links":{"self":[{"href":"https:\/\/automotoecole-issurtille-stjulien.fr\/index.php\/wp-json\/wp\/v2\/pages\/141","targetHints":{"allow":["GET"]}}],"collection":[{"href":"https:\/\/automotoecole-issurtille-stjulien.fr\/index.php\/wp-json\/wp\/v2\/pages"}],"about":[{"href":"https:\/\/automotoecole-issurtille-stjulien.fr\/index.php\/wp-json\/wp\/v2\/types\/page"}],"author":[{"embeddable":true,"href":"https:\/\/automotoecole-issurtille-stjulien.fr\/index.php\/wp-json\/wp\/v2\/users\/1"}],"replies":[{"embeddable":true,"href":"https:\/\/automotoecole-issurtille-stjulien.fr\/index.php\/wp-json\/wp\/v2\/comments?post=141"}],"version-history":[{"count":2,"href":"https:\/\/automotoecole-issurtille-stjulien.fr\/index.php\/wp-json\/wp\/v2\/pages\/141\/revisions"}],"predecessor-version":[{"id":310,"href":"https:\/\/automotoecole-issurtille-stjulien.fr\/index.php\/wp-json\/wp\/v2\/pages\/141\/revisions\/310"}],"wp:attachment":[{"href":"https:\/\/automotoecole-issurtille-stjulien.fr\/index.php\/wp-json\/wp\/v2\/media?parent=141"}],"curies":[{"name":"wp","href":"https:\/\/api.w.org\/{rel}","templated":true}]}}