{"id":156,"date":"2021-08-03T21:29:00","date_gmt":"2021-08-03T19:29:00","guid":{"rendered":"https:\/\/automotoecole-issurtille-stjulien.fr\/?page_id=156"},"modified":"2021-08-03T21:30:19","modified_gmt":"2021-08-03T19:30:19","slug":"deroulement-de-la-formation-aux-categorie-a1-et-a2-du-permis-de-conduire","status":"publish","type":"page","link":"https:\/\/automotoecole-issurtille-stjulien.fr\/index.php\/deroulement-de-la-formation-aux-categorie-a1-et-a2-du-permis-de-conduire\/","title":{"rendered":"Enjeux, d\u00e9roulement et conditions de passage des \u00e9preuves de l&rsquo;examen des cat\u00e9gories \u00ab A1 et A2 \u00bb du permis de conduire"},"content":{"rendered":"\n<p><strong>Les enjeux de la formation \u00e0 la conduite<\/strong><\/p>\n\n\n\n<p>La dimension sociale de l\u2019usage de la motocyclette, au m\u00eame titre que l\u2019automobile, se d\u00e9veloppe fortement. Au-del\u00e0 du plaisir de conduire et des loisirs, il devient aussi un outil pratique de d\u00e9placement pour les \u00e9tudes, le travail, etc.<\/p>\n\n\n\n<p>Les conducteurs de motocyclettes sont largement sur-expos\u00e9s pour ce qui est du risque routier.<\/p>\n\n\n\n<p>L\u2019effort de renforcement de l\u2019\u00e9ducation et de la formation \u00e0 la conduite de ce type de v\u00e9hicule doit donc \u00eatre poursuivi.<\/p>\n\n\n\n<p>L\u2019objectif g\u00e9n\u00e9ral de la formation est d\u2019amener tout conducteur \u00e0 la ma\u00eetrise de comp\u00e9tences en termes de savoirs, savoir-\u00eatre, savoir-faire, et savoir-devenir.<\/p>\n\n\n\n<p>Apprendre \u00e0 conduire une motocyclette est une d\u00e9marche \u00e9ducative exigeante et ce livret va vous guider dans votre progression avec l\u2019aide de votre formateur, enseignant dipl\u00f4m\u00e9 de la s\u00e9curit\u00e9 routi\u00e8re.<\/p>\n\n\n\n<p><strong>Le d\u00e9roulement de la formation<\/strong><\/p>\n\n\n\n<p>La conduite d\u2019une motocyclette pr\u00e9sente de r\u00e9elles sp\u00e9cificit\u00e9s qu\u2019il faut \u00eatre en mesure de ma\u00eetriser correctement.<\/p>\n\n\n\n<p>Ce programme se veut une vue d\u2019ensemble, aussi exhaustive que possible, des comp\u00e9tences th\u00e9oriques et pratiques qu\u2019un conducteur de motocyclette responsable et autonome doit acqu\u00e9rir pour ne pas mettre sa s\u00e9curit\u00e9 et celle des autres en danger.<\/p>\n\n\n\n<p>Au travers de ce programme, avec l\u2019aide de votre formateur, vous allez apprendre et comprendre les r\u00e8gles du code de la route (notamment celles qui concernent plus sp\u00e9cifiquement le type de v\u00e9hicule que vous apprenez \u00e0 conduire) mais aussi apprendre et comprendre le r\u00f4le de l\u2019\u00e9quipement du motard, les moyens de ma\u00eetriser la conduite d\u2019une motocyclette \u00e0 allure faible et soutenue, la n\u00e9cessit\u00e9 de partager la route en bonne intelligence avec les autres usagers et d\u2019adopter des comportements de conduite citoyens et responsables, la n\u00e9cessit\u00e9 de la prise de conscience des risques et des limites propres \u00e0 sa conduite et \u00e0 celle des autres conducteurs.<\/p>\n\n\n\n<p>Ce programme vous permet \u00e9galement de pratiquer l\u2019auto-\u00e9valuation de vos analyses, d\u00e9cisions, actions et choix de conduite.<\/p>\n\n\n\n<p>Votre formateur est \u00e0 vos c\u00f4t\u00e9s pour vous guider et vous conseiller.<\/p>\n\n\n\n<p>Afin de disposer de rep\u00e8res, quatre grilles de progression accompagnent l\u2019\u00e9l\u00e8ve dans l\u2019acquisition des comp\u00e9tences indispensables pour la conduite d\u2019une motocyclette.<\/p>\n\n\n\n<p>Ces grilles d\u00e9taillent, pour chaque sous-comp\u00e9tence associ\u00e9e, les savoirs comportementaux, techniques et environnementaux dont doit disposer l\u2019\u00e9l\u00e8ve conducteur au fur et \u00e0 mesure de son \u00e9volution.<\/p>\n\n\n\n<p>Pour chaque sous-comp\u00e9tence associ\u00e9e, des \u00e9valuations mises en place par votre formateur, qui vous en pr\u00e9cisera les crit\u00e8res et les conditions de r\u00e9ussite, sont pr\u00e9vues. Il vous sera possible ainsi de mesurer votre r\u00e9ussite ou d\u2019appr\u00e9cier les \u00e9l\u00e9ments \u00e0 faire progresser.<\/p>\n\n\n\n<p>De plus, pour chacune des sous-comp\u00e9tences associ\u00e9es qui impliquent la conscience que vous aurez de vos capacit\u00e9s, de vos motivations et de vos limites, des auto-\u00e9valuations sont \u00e0 votre disposition au sein de chacune des quatre grilles.<\/p>\n\n\n\n<p><strong>Lorsque l\u2019ensemble des comp\u00e9tences requises sera valid\u00e9, votre formateur pourra alors vous pr\u00e9senter aux \u00e9preuves du permis de conduire.<\/strong><\/p>\n\n\n\n<p><strong>Comment se d\u00e9roule l\u2019examen\u2009?<\/strong><strong><\/strong><\/p>\n\n\n\n<p>L\u2019\u00e9preuve pratique de l\u2019examen du permis de conduire des cat\u00e9gories A1 et A2 comporte deux phases :<\/p>\n\n\n\n<p>\u2022 la premi\u00e8re : hors circulation ;<\/p>\n\n\n\n<p>\u2022 la seconde : en circulation.<\/p>\n\n\n\n<p>Ces deux phases de l\u2019\u00e9preuve pratique sont \u00e9valu\u00e9es par un expert : l\u2019inspecteur du permis de conduire et de la s\u00e9curit\u00e9 routi\u00e8re.<\/p>\n\n\n\n<p>L\u2019\u00e9valuation de l\u2019expert est bas\u00e9e sur des textes r\u00e9glementaires et instructions pr\u00e9cises qui en fixent les modalit\u00e9s.<\/p>\n\n\n\n<p>L\u2019\u00e9preuve hors circulation constitue une admissibilit\u00e9 pour l\u2019\u00e9preuve en circulation.<\/p>\n\n\n\n<p>L\u2019objectif de cette \u00e9preuve est d\u2019\u00e9valuer le niveau des savoirs et savoir-faire que vous avez acquis : code de la route, s\u00e9curit\u00e9 et signalisation routi\u00e8res, \u00e9quilibre et stabilit\u00e9, connaissance et emploi des accessoires et commandes du v\u00e9hicule, freinage, etc.<\/p>\n\n\n\n<p>L\u2019objectif de l\u2019\u00e9preuve en circulation est d\u2019\u00e9valuer le niveau des connaissances, des comp\u00e9tences techniques et comportementales que vous avez acquises pour circuler en toute s\u00e9curit\u00e9.<\/p>\n\n\n\n<p>Cette \u00e9preuve se d\u00e9roule dans un environnement vari\u00e9 o\u00f9 le candidat doit notamment :<\/p>\n\n\n\n<p>\u2022 emprunter des routes droites, n\u00e9gocier des virages ;<\/p>\n\n\n\n<p>\u2022 changer de direction, franchir des intersections, utiliser des voies d\u2019acc\u00e9l\u00e9ration et de d\u00e9c\u00e9l\u00e9ration ;<\/p>\n\n\n\n<p>\u2022 r\u00e9aliser un parcours empruntant des voies \u00e0 caract\u00e8re urbain, routier et\/ou autoroutier ;<\/p>\n\n\n\n<p>\u2022 d\u00e9passer et croiser des v\u00e9hicules ;<\/p>\n\n\n\n<p>\u2022 quitter un emplacement de stationnement, repartir apr\u00e8s un arr\u00eat ;<\/p>\n\n\n\n<p>\u2022 prendre les pr\u00e9cautions n\u00e9cessaires avant de descendre du v\u00e9hicule.<\/p>\n\n\n\n<p>L\u2019expert r\u00e9alise un bilan des comp\u00e9tences n\u00e9cessaires et fondamentales devant \u00eatre acquises pour une conduite en s\u00e9curit\u00e9, car la conduite est un acte difficile qui engage une responsabilit\u00e9 forte.<\/p>\n\n\n\n<p>L\u2019expert s\u2019attache \u00e0 valoriser vos acquis comportementaux plut\u00f4t que vos faiblesses. Il r\u00e9alise ainsi un inventaire des points positifs et des points n\u00e9gatifs restitu\u00e9s par rapport \u00e0 une comp\u00e9tence donn\u00e9e.<\/p>\n\n\n\n<p>\u00c0 l\u2019issue de l\u2019\u00e9preuve, l\u2019expert retranscrit de fa\u00e7on formelle ce bilan de comp\u00e9tences dans une grille d\u2019\u00e9valuation.<\/p>\n\n\n\n<figure class=\"wp-block-image size-full\"><img loading=\"lazy\" decoding=\"async\" width=\"604\" height=\"365\" src=\"https:\/\/automotoecole-issurtille-stjulien.fr\/wp-content\/uploads\/2021\/08\/image.png\" alt=\"\" class=\"wp-image-157\" srcset=\"https:\/\/automotoecole-issurtille-stjulien.fr\/wp-content\/uploads\/2021\/08\/image.png 604w, https:\/\/automotoecole-issurtille-stjulien.fr\/wp-content\/uploads\/2021\/08\/image-300x181.png 300w\" sizes=\"auto, (max-width: 604px) 100vw, 604px\" \/><\/figure>\n","protected":false},"excerpt":{"rendered":"<p>Les enjeux de la formation \u00e0 la conduite La dimension sociale de l\u2019usage de la motocyclette, au m\u00eame titre que l\u2019automobile, se d\u00e9veloppe fortement. Au-del\u00e0 du plaisir de conduire et des loisirs, il devient aussi un outil pratique de d\u00e9placement pour les \u00e9tudes, le travail, etc. Les conducteurs de motocyclettes sont largement sur-expos\u00e9s pour ce&hellip; <br \/> <a class=\"read-more\" href=\"https:\/\/automotoecole-issurtille-stjulien.fr\/index.php\/deroulement-de-la-formation-aux-categorie-a1-et-a2-du-permis-de-conduire\/\">Lire la suite<\/a><\/p>\n","protected":false},"author":1,"featured_media":0,"parent":0,"menu_order":0,"comment_status":"closed","ping_status":"closed","template":"","meta":{"footnotes":""},"class_list":["post-156","page","type-page","status-publish","hentry"],"_links":{"self":[{"href":"https:\/\/automotoecole-issurtille-stjulien.fr\/index.php\/wp-json\/wp\/v2\/pages\/156","targetHints":{"allow":["GET"]}}],"collection":[{"href":"https:\/\/automotoecole-issurtille-stjulien.fr\/index.php\/wp-json\/wp\/v2\/pages"}],"about":[{"href":"https:\/\/automotoecole-issurtille-stjulien.fr\/index.php\/wp-json\/wp\/v2\/types\/page"}],"author":[{"embeddable":true,"href":"https:\/\/automotoecole-issurtille-stjulien.fr\/index.php\/wp-json\/wp\/v2\/users\/1"}],"replies":[{"embeddable":true,"href":"https:\/\/automotoecole-issurtille-stjulien.fr\/index.php\/wp-json\/wp\/v2\/comments?post=156"}],"version-history":[{"count":2,"href":"https:\/\/automotoecole-issurtille-stjulien.fr\/index.php\/wp-json\/wp\/v2\/pages\/156\/revisions"}],"predecessor-version":[{"id":159,"href":"https:\/\/automotoecole-issurtille-stjulien.fr\/index.php\/wp-json\/wp\/v2\/pages\/156\/revisions\/159"}],"wp:attachment":[{"href":"https:\/\/automotoecole-issurtille-stjulien.fr\/index.php\/wp-json\/wp\/v2\/media?parent=156"}],"curies":[{"name":"wp","href":"https:\/\/api.w.org\/{rel}","templated":true}]}}