{"id":160,"date":"2021-08-03T21:31:04","date_gmt":"2021-08-03T19:31:04","guid":{"rendered":"https:\/\/automotoecole-issurtille-stjulien.fr\/?page_id=160"},"modified":"2021-08-03T21:31:04","modified_gmt":"2021-08-03T19:31:04","slug":"enjeux-deroulement-et-conditions-de-passage-des-epreuves-de-lexamen-de-la-categorie-am-du-permis-de-conduire","status":"publish","type":"page","link":"https:\/\/automotoecole-issurtille-stjulien.fr\/index.php\/enjeux-deroulement-et-conditions-de-passage-des-epreuves-de-lexamen-de-la-categorie-am-du-permis-de-conduire\/","title":{"rendered":"Enjeux, d\u00e9roulement et conditions de passage des \u00e9preuves de l&rsquo;examen de la cat\u00e9gorie \u00ab AM \u00bb du permis de conduire"},"content":{"rendered":"\n<p><strong>D\u00e9finition<\/strong><\/p>\n\n\n\n<p>Un cyclomoteur est caract\u00e9ris\u00e9 par une cylindr\u00e9e inf\u00e9rieure ou \u00e9gale \u00e0 50 cm<sup>3<\/sup> (4kW pour les cyclomoteurs \u00e9lectriques) et une vitesse maximale \u00e9gale \u00e0 45&nbsp;km\/h.<\/p>\n\n\n\n<p>Le permis AM est obligatoire pour conduire un deux-roues d\u00e8s 14 ans.<\/p>\n\n\n\n<p><strong>D\u00e9roulement<\/strong><\/p>\n\n\n\n<p>Il faut avoir obtenu l\u2019<strong>ASSR<\/strong> (Attestation Scolaire de S\u00e9curit\u00e9 Routi\u00e8re) de niveau 1 ou 2 ou l\u2019<strong>ASR<\/strong> pour suivre une formation pratique de <strong>8&nbsp;heures au moins<\/strong> assur\u00e9e par une auto-\u00e9cole ou une association socio-\u00e9ducative.<\/p>\n\n\n\n<p>\u00c0 l\u2019issue de la formation pratique, l\u2019\u00e9tablissement d\u00e9livre un <strong>Brevet de S\u00e9curit\u00e9 Routi\u00e8re<\/strong>\u2009: il correspond \u00e0 la cat\u00e9gorie <strong>AM<\/strong> du permis de conduire.<\/p>\n\n\n\n<p>Elle comprend cinq s\u00e9quences th\u00e9oriques et pratiques au cours desquelles vous allez travailler sur des connaissances et des comp\u00e9tences avec l\u2019aide de votre enseignant de la conduite et de la s\u00e9curit\u00e9 routi\u00e8re.<\/p>\n\n\n\n<p>Si vous \u00eates mineur, au moins l\u2019un de vos parents ou votre repr\u00e9sentant l\u00e9gal <strong>est pr\u00e9sent lors de la derni\u00e8re s\u00e9quence de la formation (<\/strong>S\u00e9quence 5<strong>).<\/strong><\/p>\n\n\n\n<p>La dur\u00e9e de la formation \u00e0 la conduite des S\u00e9quences 2 et 5 est de 6\u202fheures au moins.<\/p>\n\n\n\n<p>Tout d\u00e9passement de la dur\u00e9e totale de 8 h minimum requiert l\u2019accord express de l\u2019\u00e9l\u00e8ve, de l\u2019un de ses parents au moins ou de son repr\u00e9sentant l\u00e9gal, s\u2019il est mineur.<\/p>\n\n\n\n<p><strong>\u2022 Vous devez renseigner le \u00ab Questionnaire pr\u00e9alable \u00e0 la formation \u00bb figurant dans ce livret.<\/strong><\/p>\n\n\n\n<p><strong>\u2022 Vous devez \u00eatre en possession de votre livret pendant toute la dur\u00e9e de votre formation.<\/strong><\/p>\n\n\n\n<p><strong>\u2022 Vous devez \u00eatre en possession des \u00e9quipements r\u00e9glementaires.<\/strong><\/p>\n\n\n\n<p><strong>La formation pratique est constitu\u00e9e de trois phases&nbsp;:<\/strong><\/p>\n\n\n\n<p>\u2022 <strong>S\u00e9quence 1. \u00c9changes sur les repr\u00e9sentations individuelles autour de la conduite.<\/strong><br>Dur\u00e9e : 30 minutes<strong><\/strong><\/p>\n\n\n\n<p>\u2022 <strong>S\u00e9quence 2. Formation \u00e0 la conduite hors circulation.<\/strong> Dur\u00e9e minimale : 1 heure<strong><\/strong><\/p>\n\n\n\n<p>\u2022 <strong>S\u00e9quence 3. <\/strong><a href=\"https:\/\/www.legifrance.gouv.fr\/affichCode.do?cidTexte=LEGITEXT000006074228&amp;dateTexte=&amp;categorieLien=cid\"><strong>Code de la route<\/strong><\/a><strong>. <\/strong>Dur\u00e9e : 30 minutes<\/p>\n\n\n\n<p><strong>\u2022 S\u00e9quence 4. Formation \u00e0 la conduite sur les voies ouvertes \u00e0 la circulation publique.<\/strong><\/p>\n\n\n\n<p>Dur\u00e9e minimale&nbsp;: 3 heures<\/p>\n\n\n\n<p><strong>\u2022 S\u00e9quence 5. Sensibilisation aux risques. <\/strong>Dur\u00e9e minimale&nbsp;: 1 heure<\/p>\n\n\n\n<p>Avec le permis AM option cyclo. On peut\u2009:<\/p>\n\n\n\n<p>\u2022 conduire un cyclomoteur \u00e0 deux ou trois roues dont la cylindr\u00e9e est limit\u00e9e \u00e0 50 cm<sup>3<\/sup> et la vitesse \u00e0 45&nbsp;km\/h,<\/p>\n\n\n\n<p>\u2022 conduire un quadricycle l\u00e9ger \u00e0 moteur (cat\u00e9gorie L6e\u2009: cylindr\u00e9e maxi \u00e0 50 cm<sup>3<\/sup>, vitesse 45&nbsp;km\/h).<\/p>\n","protected":false},"excerpt":{"rendered":"<p>D\u00e9finition Un cyclomoteur est caract\u00e9ris\u00e9 par une cylindr\u00e9e inf\u00e9rieure ou \u00e9gale \u00e0 50 cm3 (4kW pour les cyclomoteurs \u00e9lectriques) et une vitesse maximale \u00e9gale \u00e0 45&nbsp;km\/h. Le permis AM est obligatoire pour conduire un deux-roues d\u00e8s 14 ans. D\u00e9roulement Il faut avoir obtenu l\u2019ASSR (Attestation Scolaire de S\u00e9curit\u00e9 Routi\u00e8re) de niveau 1 ou 2 ou&hellip; <br \/> <a class=\"read-more\" href=\"https:\/\/automotoecole-issurtille-stjulien.fr\/index.php\/enjeux-deroulement-et-conditions-de-passage-des-epreuves-de-lexamen-de-la-categorie-am-du-permis-de-conduire\/\">Lire la suite<\/a><\/p>\n","protected":false},"author":1,"featured_media":0,"parent":0,"menu_order":0,"comment_status":"closed","ping_status":"closed","template":"","meta":{"footnotes":""},"class_list":["post-160","page","type-page","status-publish","hentry"],"_links":{"self":[{"href":"https:\/\/automotoecole-issurtille-stjulien.fr\/index.php\/wp-json\/wp\/v2\/pages\/160","targetHints":{"allow":["GET"]}}],"collection":[{"href":"https:\/\/automotoecole-issurtille-stjulien.fr\/index.php\/wp-json\/wp\/v2\/pages"}],"about":[{"href":"https:\/\/automotoecole-issurtille-stjulien.fr\/index.php\/wp-json\/wp\/v2\/types\/page"}],"author":[{"embeddable":true,"href":"https:\/\/automotoecole-issurtille-stjulien.fr\/index.php\/wp-json\/wp\/v2\/users\/1"}],"replies":[{"embeddable":true,"href":"https:\/\/automotoecole-issurtille-stjulien.fr\/index.php\/wp-json\/wp\/v2\/comments?post=160"}],"version-history":[{"count":1,"href":"https:\/\/automotoecole-issurtille-stjulien.fr\/index.php\/wp-json\/wp\/v2\/pages\/160\/revisions"}],"predecessor-version":[{"id":161,"href":"https:\/\/automotoecole-issurtille-stjulien.fr\/index.php\/wp-json\/wp\/v2\/pages\/160\/revisions\/161"}],"wp:attachment":[{"href":"https:\/\/automotoecole-issurtille-stjulien.fr\/index.php\/wp-json\/wp\/v2\/media?parent=160"}],"curies":[{"name":"wp","href":"https:\/\/api.w.org\/{rel}","templated":true}]}}