{"id":170,"date":"2021-08-03T21:41:41","date_gmt":"2021-08-03T19:41:41","guid":{"rendered":"https:\/\/automotoecole-issurtille-stjulien.fr\/?page_id=170"},"modified":"2021-08-03T21:41:42","modified_gmt":"2021-08-03T19:41:42","slug":"programme-de-formation-permis-b96","status":"publish","type":"page","link":"https:\/\/automotoecole-issurtille-stjulien.fr\/index.php\/programme-de-formation-permis-b96\/","title":{"rendered":"Programme de formation permis B96"},"content":{"rendered":"\n<p>PERMIS B 96<\/p>\n\n\n\n<p>\u00a0Dur\u00e9e : 7 heures <\/p>\n\n\n\n<p>Permet de conduire des v\u00e9hicules de la cat\u00e9gorie B attel\u00e9s d\u2019une remorque lorsque la somme des PTAC (v\u00e9hicule tracteur + remorque) est comprise entre 3 500 et 4 250 kilos <\/p>\n\n\n\n<p><\/p>\n\n\n\n<p><strong>Programme de la formation<\/strong> :<\/p>\n\n\n\n<p><\/p>\n\n\n\n<p>S\u00c9QUENCE HO<strong>RS CIRCULATION : 4 HEURES<\/strong><\/p>\n\n\n\n<p>Le code de la route sp\u00e9cifique \u00e0 l\u2019ensemble de v\u00e9hicules<\/p>\n\n\n\n<p>La signalisation et les r\u00e8gles de circulation sp\u00e9cifiques \u00e0 la conduite de l\u2019ensemble de v\u00e9hicules<\/p>\n\n\n\n<p>Les v\u00e9rifications indispensables de s\u00e9curit\u00e9 d\u2019avant d\u00e9part<\/p>\n\n\n\n<p>L\u2019attelage et le d\u00e9telage en s\u00e9curit\u00e9<\/p>\n\n\n\n<p>Les man\u0153uvres avec l\u2019ensemble de v\u00e9hicules<\/p>\n\n\n\n<p><strong>S\u00c9QUENCE EN CIRCULATION : 3 HEURES<\/strong><\/p>\n\n\n\n<p>La conduite de l\u2019ensemble de v\u00e9hicules en circulation et la communication avec les autres usagers<\/p>\n\n\n\n<p>Les changements de direction et le positionnement sur la chauss\u00e9e en fonction du gabarit de l\u2019ensemble de v\u00e9hicules<\/p>\n","protected":false},"excerpt":{"rendered":"<p>PERMIS B 96 \u00a0Dur\u00e9e : 7 heures Permet de conduire des v\u00e9hicules de la cat\u00e9gorie B attel\u00e9s d\u2019une remorque lorsque la somme des PTAC (v\u00e9hicule tracteur + remorque) est comprise entre 3 500 et 4 250 kilos Programme de la formation : S\u00c9QUENCE HORS CIRCULATION : 4 HEURES Le code de la route sp\u00e9cifique \u00e0&hellip; <br \/> <a class=\"read-more\" href=\"https:\/\/automotoecole-issurtille-stjulien.fr\/index.php\/programme-de-formation-permis-b96\/\">Lire la suite<\/a><\/p>\n","protected":false},"author":1,"featured_media":0,"parent":0,"menu_order":0,"comment_status":"closed","ping_status":"closed","template":"","meta":{"footnotes":""},"class_list":["post-170","page","type-page","status-publish","hentry"],"_links":{"self":[{"href":"https:\/\/automotoecole-issurtille-stjulien.fr\/index.php\/wp-json\/wp\/v2\/pages\/170","targetHints":{"allow":["GET"]}}],"collection":[{"href":"https:\/\/automotoecole-issurtille-stjulien.fr\/index.php\/wp-json\/wp\/v2\/pages"}],"about":[{"href":"https:\/\/automotoecole-issurtille-stjulien.fr\/index.php\/wp-json\/wp\/v2\/types\/page"}],"author":[{"embeddable":true,"href":"https:\/\/automotoecole-issurtille-stjulien.fr\/index.php\/wp-json\/wp\/v2\/users\/1"}],"replies":[{"embeddable":true,"href":"https:\/\/automotoecole-issurtille-stjulien.fr\/index.php\/wp-json\/wp\/v2\/comments?post=170"}],"version-history":[{"count":1,"href":"https:\/\/automotoecole-issurtille-stjulien.fr\/index.php\/wp-json\/wp\/v2\/pages\/170\/revisions"}],"predecessor-version":[{"id":171,"href":"https:\/\/automotoecole-issurtille-stjulien.fr\/index.php\/wp-json\/wp\/v2\/pages\/170\/revisions\/171"}],"wp:attachment":[{"href":"https:\/\/automotoecole-issurtille-stjulien.fr\/index.php\/wp-json\/wp\/v2\/media?parent=170"}],"curies":[{"name":"wp","href":"https:\/\/api.w.org\/{rel}","templated":true}]}}