{"id":172,"date":"2021-08-03T21:46:47","date_gmt":"2021-08-03T19:46:47","guid":{"rendered":"https:\/\/automotoecole-issurtille-stjulien.fr\/?page_id=172"},"modified":"2021-08-03T21:46:47","modified_gmt":"2021-08-03T19:46:47","slug":"programme-de-formation-permis-be","status":"publish","type":"page","link":"https:\/\/automotoecole-issurtille-stjulien.fr\/index.php\/programme-de-formation-permis-be\/","title":{"rendered":"Programme de formation permis BE"},"content":{"rendered":"\n<p><strong>PERMIS BE<\/strong><\/p>\n\n\n\n<p>\u00a0Dur\u00e9e : Pas de minimum obligatoire <\/p>\n\n\n\n<p>Permet de conduire des v\u00e9hicules dont le poids total autoris\u00e9 en charge ( PTAC ) de la remorque est sup\u00e9rieur \u00e0 750 kg et inf\u00e9rieur \u00e0 3500 kg<\/p>\n\n\n\n<p>et dont la somme des PTAC du v\u00e9hicule tracteur et de la remorque est sup\u00e9rieure \u00e0 4250 kg.<\/p>\n\n\n\n<p><\/p>\n\n\n\n<p><strong>Programme de la formation<\/strong><\/p>\n\n\n\n<p><strong>COMP\u00c9TENCE 1 : EFFECTUER LES V\u00c9RIFICATIONS COURANTES DE S\u00c9CURIT\u00c9 ET MA\u00ceTRISER L\u2019ENSEMBLE DE V\u00c9HICULES DANS UN TRAFIC FAIBLE OU NUL<\/strong><\/p>\n\n\n\n<p>La m\u00e9canique et le fonctionnement de l\u2019ensemble de v\u00e9hicules<\/p>\n\n\n\n<p>Les organes de commande<\/p>\n\n\n\n<p>Les v\u00e9rifications de l\u2019\u00e9tat de l\u2019ensemble de v\u00e9hicules<\/p>\n\n\n\n<p>La conduite et les man\u0153uvres avec l\u2019ensemble de v\u00e9hicules<\/p>\n\n\n\n<p>L\u2019attelage et le d\u00e9telage de l\u2019ensemble de v\u00e9hicules<\/p>\n\n\n\n<p><strong>COMP\u00c9TENCE 2 : APPR\u00c9HENDER LA ROUTE EN FONCTION DU GABARIT DE L\u2019ENSEMBLE DE V\u00c9HICULES ET CIRCULER DANS DES CONDITIONS NORMALES<\/strong><\/p>\n\n\n\n<p>La signalisation sp\u00e9cifique \u00e0 l\u2019ensemble de v\u00e9hicules<\/p>\n\n\n\n<p>Les r\u00e8gles de placement<\/p>\n\n\n\n<p>La compr\u00e9hension des risques<\/p>\n\n\n\n<p><strong>COMP\u00c9TENCE 3 : CIRCULER DANS DES CONDITIONS DIFFICILES ET PARTAGER LA ROUTE AVEC LES AUTRES USAGERS<\/strong><\/p>\n\n\n\n<p>La compr\u00e9hension de la n\u00e9cessit\u00e9 de partager la route avec d\u2019autres usagers<\/p>\n\n\n\n<p>Les distances de s\u00e9curit\u00e9, de freinage et d\u2019arr\u00eat<\/p>\n\n\n\n<p>L\u2019adaptation de la vitesse<\/p>\n\n\n\n<p>La conduite dans des conditions atmosph\u00e9riques d\u00e9grad\u00e9es<\/p>\n\n\n\n<p><strong>COMP\u00c9TENCE 4 : PRATIQUER UNE CONDUITE AUTONOME, S\u00dbRE ET \u00c9CONOMIQUE<\/strong><\/p>\n\n\n\n<p>L\u2019anticipation et l\u2019analyse autonome des situations de conduite<\/p>\n\n\n\n<p>Le comportement en cas de panne ou d\u2019accident Les impacts \u00e9cologiques li\u00e9s \u00e0 la conduite<\/p>\n","protected":false},"excerpt":{"rendered":"<p>PERMIS BE \u00a0Dur\u00e9e : Pas de minimum obligatoire Permet de conduire des v\u00e9hicules dont le poids total autoris\u00e9 en charge ( PTAC ) de la remorque est sup\u00e9rieur \u00e0 750 kg et inf\u00e9rieur \u00e0 3500 kg et dont la somme des PTAC du v\u00e9hicule tracteur et de la remorque est sup\u00e9rieure \u00e0 4250 kg. Programme&hellip; <br \/> <a class=\"read-more\" href=\"https:\/\/automotoecole-issurtille-stjulien.fr\/index.php\/programme-de-formation-permis-be\/\">Lire la suite<\/a><\/p>\n","protected":false},"author":1,"featured_media":0,"parent":0,"menu_order":0,"comment_status":"closed","ping_status":"closed","template":"","meta":{"footnotes":""},"class_list":["post-172","page","type-page","status-publish","hentry"],"_links":{"self":[{"href":"https:\/\/automotoecole-issurtille-stjulien.fr\/index.php\/wp-json\/wp\/v2\/pages\/172","targetHints":{"allow":["GET"]}}],"collection":[{"href":"https:\/\/automotoecole-issurtille-stjulien.fr\/index.php\/wp-json\/wp\/v2\/pages"}],"about":[{"href":"https:\/\/automotoecole-issurtille-stjulien.fr\/index.php\/wp-json\/wp\/v2\/types\/page"}],"author":[{"embeddable":true,"href":"https:\/\/automotoecole-issurtille-stjulien.fr\/index.php\/wp-json\/wp\/v2\/users\/1"}],"replies":[{"embeddable":true,"href":"https:\/\/automotoecole-issurtille-stjulien.fr\/index.php\/wp-json\/wp\/v2\/comments?post=172"}],"version-history":[{"count":1,"href":"https:\/\/automotoecole-issurtille-stjulien.fr\/index.php\/wp-json\/wp\/v2\/pages\/172\/revisions"}],"predecessor-version":[{"id":173,"href":"https:\/\/automotoecole-issurtille-stjulien.fr\/index.php\/wp-json\/wp\/v2\/pages\/172\/revisions\/173"}],"wp:attachment":[{"href":"https:\/\/automotoecole-issurtille-stjulien.fr\/index.php\/wp-json\/wp\/v2\/media?parent=172"}],"curies":[{"name":"wp","href":"https:\/\/api.w.org\/{rel}","templated":true}]}}