{"id":177,"date":"2021-08-03T21:58:05","date_gmt":"2021-08-03T19:58:05","guid":{"rendered":"https:\/\/automotoecole-issurtille-stjulien.fr\/?page_id=177"},"modified":"2024-01-05T22:14:53","modified_gmt":"2024-01-05T21:14:53","slug":"programme-de-formation-125cm3-l5","status":"publish","type":"page","link":"https:\/\/automotoecole-issurtille-stjulien.fr\/index.php\/programme-de-formation-125cm3-l5\/","title":{"rendered":"Programme de Formation A1 et A2"},"content":{"rendered":"\n<p><\/p>\n\n\n\n<p><strong>LES OBJECTIFS DE LA FORMATION<\/strong><\/p>\n\n\n\n<p>Acqu\u00e9rir des connaissances techniques, r\u00e9glementaires, et de s\u00e9curit\u00e9 routi\u00e8re permettant de pouvoir conduire un v\u00e9hicule deux-roues de la cat\u00e9gorie L5&nbsp; en toute s\u00e9curit\u00e9<\/p>\n\n\n\n<p><strong>PUBLIC VISE &amp; PREREQUIS<\/strong><\/p>\n\n\n\n<p class=\"has-medium-font-size\"><strong>Le permis A1 : moto de moins de 125cm<sup>3<\/sup>\u00a0et plus de 16 ans<\/strong><\/p>\n\n\n\n<ul class=\"wp-block-list\">\n<li>Pour les personnes souhaitant conduire une motocyclette dont la cylindr\u00e9e n\u2019exc\u00e8de pas 125 cm3, dont la puissance n\u2019exc\u00e8de pas 11 kW et dont le rapport puissance\/poids est inf\u00e9rieur \u00e0 0,1 kW par kilogramme.<\/li>\n\n\n\n<li>Le candidat doit :<\/li>\n\n\n\n<li>\u00eatre \u00e2g\u00e9 d&rsquo;au moins 16 ans ;<\/li>\n\n\n\n<li>avoir r\u00e9ussi l&rsquo;\u00e9preuve th\u00e9orique g\u00e9n\u00e9rale moto (code moto) ;<\/li>\n\n\n\n<li>justifier d&rsquo;un minimum de 20 heures de le\u00e7ons, dont 8 sur piste et 12 sur route pour \u00eatre autoris\u00e9 \u00e0 passer l\u2019examen du permis A1.<\/li>\n<\/ul>\n\n\n\n<h3 class=\"wp-block-heading\">Le permis A2 : motos de moins de 35kw et plus de 18 ans<\/h3>\n\n\n\n<p>Pour les personnes souhaitant conduire une moto d\u2019une puissance n\u2019exc\u00e9dant pas 35 kW ; dont le rapport puissance\/poids est inf\u00e9rieur \u00e0 0,2 kW\/kg et qui n&rsquo;est pas issue d&rsquo;un mod\u00e8le d\u00e9veloppant plus de 70 kW.<\/p>\n\n\n\n<p>Le candidat doit :<\/p>\n\n\n\n<ul class=\"wp-block-list\">\n<li>\u00eatre \u00e2g\u00e9 d&rsquo;au moins 18 ans ;<\/li>\n\n\n\n<li>avoir r\u00e9ussi l&rsquo;\u00e9preuve th\u00e9orique g\u00e9n\u00e9rale moto (code moto) ;<\/li>\n\n\n\n<li>justifier d&rsquo;un minimum de 20 heures de le\u00e7ons, dont 8 sur piste et 12 sur route pour \u00eatre autoris\u00e9 \u00e0 passer l\u2019examen du permis A2.<\/li>\n<\/ul>\n\n\n\n<p><strong>PROGRAMME DE LA FORMATION<\/strong><br><strong>Comp\u00e9tence 1 : Ma\u00eetriser le maniement du v\u00e9hicule dans un trafic faible ou nul<\/strong><\/p>\n\n\n\n<ol class=\"wp-block-list\">\n<li>Connaitre et adopter les comportements s\u00e9curitaires en mati\u00e8re<br>d\u2019\u00e9quipement<\/li>\n\n\n\n<li>Conna\u00eetre la conception de la moto, ses principaux organes, les principales<br>commandes et le tableau de bord<\/li>\n\n\n\n<li>Ma\u00eetriser et d\u00e9placer la machine (sans l\u2019aide du moteur)<\/li>\n\n\n\n<li>Adopter une position de conduite s\u00e9curitaire sur la machine, descendre de la<br>machine en s\u00e9curit\u00e9<\/li>\n\n\n\n<li>D\u00e9marrer et s\u2019arr\u00eater en toutes circonstances<\/li>\n\n\n\n<li>Monter et r\u00e9trograder les rapports de vitesses la moto<\/li>\n\n\n\n<li>Maitriser la r\u00e9alisation d\u2019un freinage<\/li>\n\n\n\n<li>Connaitre les incidences du regard sur la trajectoire et la stabilit\u00e9<\/li>\n\n\n\n<li>Tenir l\u2019\u00e9quilibre, maintenir la stabilit\u00e9 et guider la moto (avec et sans<br>passager)<\/li>\n\n\n\n<li>Maitriser l\u2019utilisation de l\u2019embrayage (sauf transmission automatique)<\/li>\n\n\n\n<li>Maitriser les techniques d\u2019inclinaison<\/li>\n\n\n\n<li>R\u00e9aliser un freinage<br><br><strong>Comp\u00e9tence 2 : Appr\u00e9hender la route et circuler dans des conditions normales<\/strong><\/li>\n\n\n\n<li>Connaitre et respecter les r\u00e8gles de circulation<\/li>\n\n\n\n<li>Rechercher la signalisation, les indices et en tenir compte<\/li>\n\n\n\n<li>Positionner le v\u00e9hicule sur la chauss\u00e9e et choisir la voie de circulation<\/li>\n\n\n\n<li>Adapter l\u2019allure aux situations<\/li>\n\n\n\n<li>Etre en mesure de s\u2019arr\u00eater ou stationner et de repartir en s\u00e9curit\u00e9<\/li>\n\n\n\n<li>Tourner \u00e0 droite et \u00e0 gauche<\/li>\n\n\n\n<li>D\u00e9tecter, identifier et franchir les intersections suivant le r\u00e9gime de<br>priorit\u00e9<\/li>\n\n\n\n<li>Franchir les ronds-points et les carrefours \u00e0 sens giratoire<br><strong>Comp\u00e9tence 3 : Circuler dans des conditions difficiles et partager la route avec les<br>autres usagers<\/strong><\/li>\n\n\n\n<li>Evaluer et maintenir les distances de s\u00e9curit\u00e9<\/li>\n\n\n\n<li>Croiser, d\u00e9passer, \u00eatre d\u00e9pass\u00e9<\/li>\n\n\n\n<li>N\u00e9gocier les virages de la fa\u00e7on la plus s\u00e9curisante<\/li>\n\n\n\n<li>Communiquer avec les autres usagers<\/li>\n\n\n\n<li>Connaitre les caract\u00e9ristiques des autres usagers et savoir se comporter \u00e0<br>leur \u00e9gard avec le respect et courtoisie<\/li>\n\n\n\n<li>Connaitre les caract\u00e9ristiques des v\u00e9hicules lourds et savoir se rendre visible<\/li>\n\n\n\n<li>S\u2019ins\u00e9rer, circuler et sortir d\u2019une voie rapide<\/li>\n\n\n\n<li>Conduire dans une file de v\u00e9hicules et dans une circulation dense<\/li>\n\n\n\n<li>Connaitre les r\u00e8gles relatives \u00e0 la circulation inter-files. Savoir la pratiquer<br>dans les d\u00e9partements autoris\u00e9s et si les conditions de s\u00e9curit\u00e9 et la<br>situation d\u2019apprentissage le permettent<\/li>\n\n\n\n<li>Conduire quand l\u2019adh\u00e9rence et la visibilit\u00e9 sont r\u00e9duites<\/li>\n\n\n\n<li>Conduire \u00e0 l\u2019abord et dans la travers\u00e9e d\u2019ouvrages routiers tels que les<br>tunnels, les ponts<br><strong>Comp\u00e9tence 4 : Pratiquer une conduite autonome, s\u00fbre et \u00e9conomique<\/strong><\/li>\n\n\n\n<li>Suivre un itin\u00e9raire de mani\u00e8re autonome<\/li>\n\n\n\n<li>Pr\u00e9parer et effectuer un trajet longue distance en autonomie<\/li>\n\n\n\n<li>Connaitre les principaux facteurs de risques, ceux plus sp\u00e9cifiques \u00e0 la<br>conduite des motocyclettes et les recommandations \u00e0 appliquer<\/li>\n\n\n\n<li>Connaitre les comportements \u00e0 adopter en cas d\u2019accident : Prot\u00e9ger, Alerter,<br>Secourir<\/li>\n\n\n\n<li>Connaitre les dispositifs d\u2019aide \u00e0 la conduite du v\u00e9hicule<\/li>\n\n\n\n<li>Avoir des notions sur l\u2019entretien et le d\u00e9pannage de la motocyclette<\/li>\n\n\n\n<li>Pratiquer l\u2019\u00e9co-conduite<\/li>\n<\/ol>\n\n\n\n<p><strong>RESULTATS ATTENDUS<\/strong><\/p>\n\n\n\n<p>Avoir le niveau requis pour se pr\u00e9senter \u00e0 l\u2019examen avec succ\u00e8s<\/p>\n\n\n\n<p><strong>MOYENS TECHNIQUES ET PEDAGOGIQUES<\/strong><\/p>\n\n\n\n<ul class=\"wp-block-list\">\n<li><em>QUALIFICATION DES INTERVENANTS<\/em><\/li>\n<\/ul>\n\n\n\n<p>Enseignant de la conduite et de la s\u00e9curit\u00e9 routi\u00e8re dipl\u00f4m\u00e9 et titulaire d\u2019une autorisation d\u2019enseigner en cours de validit\u00e9.<\/p>\n\n\n\n<ul class=\"wp-block-list\">\n<li><em>MOYENS PEDAGOGIQUES ET TECHNIQUES<\/em><\/li>\n<\/ul>\n\n\n\n<ul class=\"wp-block-list\">\n<li>M\u00e9thodes actives adapt\u00e9es \u00e0 la formation des adultes.\n<ul class=\"wp-block-list\">\n<li>Alternance de th\u00e9orie et de pratique<\/li>\n\n\n\n<li>Salles de cours \u00e9quip\u00e9es de moyens multim\u00e9dia.<\/li>\n\n\n\n<li>V\u00e9hicules adapt\u00e9s \u00e0 l\u2019enseignement.<\/li>\n\n\n\n<li>Fiche de suivi et livret d\u2019apprentissage.<\/li>\n\n\n\n<li>Fourniture de supports p\u00e9dagogiques sp\u00e9cifiques<\/li>\n<\/ul>\n<\/li>\n<\/ul>\n\n\n\n<ul class=\"wp-block-list\">\n<li><em>EVALUATION DE LA FORMATION &amp; CONDITIONS DE REUSSITE<\/em><\/li>\n<\/ul>\n\n\n\n<ul class=\"wp-block-list\">\n<li>Feuilles de pr\u00e9sence \u00e9marg\u00e9es par les stagiaires pour les formations d\u2019inscrivant dans le cadre de la formation professionnelle<\/li>\n\n\n\n<li>Un livret d\u2019apprentissage est utilis\u00e9 pour suivre l\u2019acquisition ou l\u2019am\u00e9lioration des comp\u00e9tences en formation<\/li>\n\n\n\n<li>Un questionnaire est utilis\u00e9 pour mesurer la satisfaction globale des stagiaires sur l\u2019organisation, les qualit\u00e9s p\u00e9dagogiques du formateur, les m\u00e9thodes et supports utilis\u00e9s\u2026<\/li>\n<\/ul>\n\n\n\n<p><em>Conditions de r\u00e9ussite&nbsp;: <\/em>satisfaire un examen blanc.<\/p>\n\n\n\n<p><strong>SANCTION DE LA FORMATION<\/strong><\/p>\n\n\n\n<p>Examen et validation par l\u2019Inspecteur du Permis de Conduire et de la S\u00e9curit\u00e9 Routi\u00e8re.<\/p>\n\n\n\n<p><strong>DUREE DE LA FORMATION ET MODALITES D\u2019ORGANISATION<\/strong><\/p>\n\n\n\n<p><em>20 heures de conduite minimum<\/em><\/p>\n\n\n\n<p><em>Nous consulter<\/em><\/p>\n\n\n\n<p><strong>INFORMATION HANDICAP<\/strong><\/p>\n\n\n\n<p>Chaque situation de handicap \u00e9tant unique, nous vous demandons de pr\u00e9ciser \u00e0 l\u2019inscription votre handicap. Nous pourrons ainsi confirmer l\u2019ensemble des possibilit\u00e9s d\u2019accueil et de mise en \u0153uvre de la formation. Pour toutes informations compl\u00e9mentaires, vous pouvez contacter https:\/\/www.automobile.ceremh.org\/<\/p>\n","protected":false},"excerpt":{"rendered":"<p>LES OBJECTIFS DE LA FORMATION Acqu\u00e9rir des connaissances techniques, r\u00e9glementaires, et de s\u00e9curit\u00e9 routi\u00e8re permettant de pouvoir conduire un v\u00e9hicule deux-roues de la cat\u00e9gorie L5&nbsp; en toute s\u00e9curit\u00e9 PUBLIC VISE &amp; PREREQUIS Le permis A1 : moto de moins de 125cm3\u00a0et plus de 16 ans Le permis A2 : motos de moins de 35kw et&hellip; <br \/> <a class=\"read-more\" href=\"https:\/\/automotoecole-issurtille-stjulien.fr\/index.php\/programme-de-formation-125cm3-l5\/\">Lire la suite<\/a><\/p>\n","protected":false},"author":1,"featured_media":0,"parent":0,"menu_order":0,"comment_status":"closed","ping_status":"closed","template":"","meta":{"footnotes":""},"class_list":["post-177","page","type-page","status-publish","hentry"],"_links":{"self":[{"href":"https:\/\/automotoecole-issurtille-stjulien.fr\/index.php\/wp-json\/wp\/v2\/pages\/177","targetHints":{"allow":["GET"]}}],"collection":[{"href":"https:\/\/automotoecole-issurtille-stjulien.fr\/index.php\/wp-json\/wp\/v2\/pages"}],"about":[{"href":"https:\/\/automotoecole-issurtille-stjulien.fr\/index.php\/wp-json\/wp\/v2\/types\/page"}],"author":[{"embeddable":true,"href":"https:\/\/automotoecole-issurtille-stjulien.fr\/index.php\/wp-json\/wp\/v2\/users\/1"}],"replies":[{"embeddable":true,"href":"https:\/\/automotoecole-issurtille-stjulien.fr\/index.php\/wp-json\/wp\/v2\/comments?post=177"}],"version-history":[{"count":3,"href":"https:\/\/automotoecole-issurtille-stjulien.fr\/index.php\/wp-json\/wp\/v2\/pages\/177\/revisions"}],"predecessor-version":[{"id":352,"href":"https:\/\/automotoecole-issurtille-stjulien.fr\/index.php\/wp-json\/wp\/v2\/pages\/177\/revisions\/352"}],"wp:attachment":[{"href":"https:\/\/automotoecole-issurtille-stjulien.fr\/index.php\/wp-json\/wp\/v2\/media?parent=177"}],"curies":[{"name":"wp","href":"https:\/\/api.w.org\/{rel}","templated":true}]}}