{"id":179,"date":"2021-08-03T22:08:40","date_gmt":"2021-08-03T20:08:40","guid":{"rendered":"https:\/\/automotoecole-issurtille-stjulien.fr\/?page_id=179"},"modified":"2021-08-03T22:08:41","modified_gmt":"2021-08-03T20:08:41","slug":"programme-de-formation-permis-am","status":"publish","type":"page","link":"https:\/\/automotoecole-issurtille-stjulien.fr\/index.php\/programme-de-formation-permis-am\/","title":{"rendered":"Programme de Formation Permis AM"},"content":{"rendered":"\n<p><\/p>\n\n\n\n<p><\/p>\n\n\n\n<p><strong>LES OBJECTIFS DE LA FORMATION<\/strong><\/p>\n\n\n\n<p>Acqu\u00e9rir des connaissances techniques, r\u00e9glementaires, et de s\u00e9curit\u00e9 routi\u00e8re permettant de pouvoir conduire un cyclomoteur ou un quadricycle l\u00e9ger en toute s\u00e9curit\u00e9<\/p>\n\n\n\n<p><strong>PROGRAMME DE LA FORMATION<\/strong><\/p>\n\n\n\n<p><strong>SEQUENCE 1<\/strong>&nbsp;: Echange sur les repr\u00e9sentations individuelles autour de la conduite&nbsp;&nbsp;&nbsp;&nbsp;&nbsp;&nbsp;&nbsp;&nbsp;&nbsp;&nbsp;&nbsp;&nbsp;&nbsp;&nbsp;&nbsp;&nbsp;&nbsp;&nbsp;&nbsp;&nbsp;&nbsp;&nbsp;&nbsp; Dur\u00e9e&nbsp;: 30 mn<\/p>\n\n\n\n<p><strong>SEQUENCE 2<\/strong>&nbsp;: Formation \u00e0 la conduite hors circulation &nbsp;&nbsp;&nbsp;&nbsp;&nbsp;&nbsp;&nbsp;&nbsp;&nbsp;&nbsp;&nbsp;&nbsp;&nbsp;&nbsp;&nbsp;&nbsp;&nbsp;&nbsp;&nbsp;&nbsp;&nbsp;&nbsp;&nbsp;&nbsp;&nbsp;&nbsp;&nbsp;&nbsp;&nbsp;&nbsp;&nbsp;&nbsp;&nbsp;&nbsp;&nbsp;&nbsp;&nbsp;&nbsp;&nbsp;&nbsp;&nbsp; &nbsp;&nbsp;&nbsp;&nbsp;&nbsp;&nbsp;&nbsp;&nbsp;&nbsp;&nbsp;&nbsp; Dur\u00e9e&nbsp;:1H mini<\/p>\n\n\n\n<p><strong>SEQUENCE 3<\/strong>&nbsp;: Code de la route &nbsp;&nbsp;&nbsp;&nbsp;&nbsp;&nbsp;&nbsp;&nbsp;&nbsp;&nbsp;&nbsp;&nbsp;&nbsp;&nbsp;&nbsp;&nbsp;&nbsp;&nbsp;&nbsp;&nbsp;&nbsp;&nbsp;&nbsp;&nbsp;&nbsp;&nbsp;&nbsp;&nbsp;&nbsp;&nbsp;&nbsp;&nbsp;&nbsp;&nbsp;&nbsp;&nbsp;&nbsp;&nbsp;&nbsp;&nbsp;&nbsp;&nbsp;&nbsp;&nbsp;&nbsp;&nbsp;&nbsp;&nbsp;&nbsp;&nbsp;&nbsp;&nbsp;&nbsp;&nbsp;&nbsp;&nbsp;&nbsp;&nbsp;&nbsp;&nbsp;&nbsp;&nbsp;&nbsp;&nbsp;&nbsp;&nbsp;&nbsp;&nbsp;&nbsp;&nbsp;&nbsp;&nbsp;&nbsp;&nbsp;&nbsp;&nbsp;&nbsp; &nbsp;&nbsp;&nbsp;&nbsp;&nbsp;&nbsp;&nbsp;&nbsp;&nbsp;&nbsp;&nbsp; Dur\u00e9e&nbsp;: 30 mn<\/p>\n\n\n\n<p><strong>SEQUENCE 4&nbsp;:<\/strong> Formation \u00e0 la conduite sur les voies ouvertes \u00e0 la circulation publique&nbsp;&nbsp;&nbsp;&nbsp;&nbsp;&nbsp;&nbsp;&nbsp;&nbsp;&nbsp;&nbsp; Dur\u00e9e&nbsp;: 3H mini<\/p>\n\n\n\n<p><strong>SEQUENCE 5.<\/strong> Sensibilisation aux risques&nbsp;&nbsp;&nbsp;&nbsp;&nbsp;&nbsp;&nbsp;&nbsp;&nbsp;&nbsp;&nbsp;&nbsp;&nbsp;&nbsp;&nbsp;&nbsp;&nbsp;&nbsp;&nbsp;&nbsp;&nbsp;&nbsp;&nbsp;&nbsp;&nbsp;&nbsp;&nbsp;&nbsp;&nbsp;&nbsp;&nbsp;&nbsp;&nbsp;&nbsp;&nbsp;&nbsp;&nbsp;&nbsp;&nbsp;&nbsp;&nbsp;&nbsp;&nbsp;&nbsp;&nbsp;&nbsp;&nbsp;&nbsp;&nbsp;&nbsp;&nbsp;&nbsp;&nbsp;&nbsp;&nbsp;&nbsp;&nbsp;&nbsp;&nbsp;&nbsp;&nbsp;&nbsp;&nbsp;&nbsp;&nbsp;&nbsp;&nbsp; &nbsp;&nbsp;&nbsp;&nbsp;&nbsp;&nbsp;&nbsp;&nbsp;&nbsp;&nbsp;&nbsp; Dur\u00e9e&nbsp;: 1H mini<\/p>\n\n\n\n<p><strong>PUBLIC VISE &amp; PREREQUIS<\/strong><\/p>\n\n\n\n<ul class=\"wp-block-list\"><li>Avoir 14 ans<\/li><li>Savoir lire et \u00e9crire la langue Fran\u00e7aise<\/li><li>Avoir obtenu l\u2019Attestation Scolaire de S\u00e9curit\u00e9 Routi\u00e8re 2 (ASSR2)<\/li><\/ul>\n\n\n\n<p><strong>RESULTATS ATTENDUS<\/strong><\/p>\n\n\n\n<p>Avoir le niveau requis pour circuler en toute s\u00e9curit\u00e9 sur un cyclomoteur ou un quadricycle l\u00e9ger<\/p>\n\n\n\n<p><strong>MOYENS TECHNIQUES ET PEDAGOGIQUES<\/strong><\/p>\n\n\n\n<ul class=\"wp-block-list\"><li><em>QUALIFICATION DES INTERVENANTS<\/em><\/li><\/ul>\n\n\n\n<p>Enseignant de la conduite et de la s\u00e9curit\u00e9 routi\u00e8re dipl\u00f4m\u00e9 d\u2019une mention deux-roues et titulaire d\u2019une autorisation d\u2019enseigner en cours de validit\u00e9.<\/p>\n\n\n\n<ul class=\"wp-block-list\"><li><em>MOYENS PEDAGOGIQUES ET TECHNIQUES<\/em><\/li><\/ul>\n\n\n\n<ul class=\"wp-block-list\"><li>M\u00e9thodes actives adapt\u00e9es \u00e0 la formation des jeunes et adultes.<ul><li>Alternance de th\u00e9orie et de pratique<\/li><\/ul><ul><li>Salles de cours \u00e9quip\u00e9es de moyens multim\u00e9dia.<\/li><\/ul><ul><li>V\u00e9hicules adapt\u00e9s \u00e0 l\u2019enseignement.<\/li><\/ul><ul><li>Fourniture de supports p\u00e9dagogiques sp\u00e9cifiques<\/li><\/ul><ul><li>Aire de maniabilit\u00e9 non ouverte \u00e0 la circulation<\/li><\/ul><\/li><\/ul>\n\n\n\n<ul class=\"wp-block-list\"><li><em>EVALUATION DE LA FORMATION &amp; CONDITIONS DE REUSSITE<\/em><\/li><\/ul>\n\n\n\n<ul class=\"wp-block-list\"><li>Feuilles de pr\u00e9sence \u00e9marg\u00e9es par les stagiaires pour les formations d\u2019inscrivant dans le cadre de la formation professionnelle<\/li><li>Un livret d\u2019apprentissage est utilis\u00e9 pour suivre l\u2019acquisition ou l\u2019am\u00e9lioration des comp\u00e9tences en formation<\/li><li>Un questionnaire est utilis\u00e9 pour mesurer la satisfaction globale des stagiaires sur l\u2019organisation, les qualit\u00e9s p\u00e9dagogiques du formateur, les m\u00e9thodes et supports utilis\u00e9s\u2026<\/li><\/ul>\n\n\n\n<p><em>Conditions de r\u00e9ussite&nbsp;: <\/em>satisfaire aux exigences de la formation. Valid\u00e9 par le formateur<\/p>\n\n\n\n<ul class=\"wp-block-list\"><li><em>SANCTION DE LA FORMATION<\/em><\/li><\/ul>\n\n\n\n<p>D\u00e9livrance d\u2019une attestation de formation permettant de faire la demande d\u2019obtention de titre \u00ab&nbsp;permis AM&nbsp;\u00bb<\/p>\n\n\n\n<p><strong>DUREE DE LA FORMATION ET MODALITES D\u2019ORGANISATION<\/strong><\/p>\n\n\n\n<p>8 &nbsp;heures de formation minimum avec une r\u00e9partition d\u00e9crite dans le programme de formation ci-dessus<\/p>\n\n\n\n<p><strong>DATE(S)&nbsp;:<\/strong><\/p>\n\n\n\n<p>Nous consulter<\/p>\n\n\n\n<p><strong>INFORMATION HANDICAP<\/strong><\/p>\n\n\n\n<p>Chaque situation de handicap \u00e9tant unique, nous vous demandons de pr\u00e9ciser \u00e0 l\u2019inscription votre handicap. Nous pourrons ainsi confirmer l\u2019ensemble des possibilit\u00e9s d\u2019accueil et de mise en \u0153uvre de la formation. Pour toutes informations compl\u00e9mentaires, vous pouvez contacter https:\/\/www.automobile.ceremh.org\/<\/p>\n","protected":false},"excerpt":{"rendered":"<p>LES OBJECTIFS DE LA FORMATION Acqu\u00e9rir des connaissances techniques, r\u00e9glementaires, et de s\u00e9curit\u00e9 routi\u00e8re permettant de pouvoir conduire un cyclomoteur ou un quadricycle l\u00e9ger en toute s\u00e9curit\u00e9 PROGRAMME DE LA FORMATION SEQUENCE 1&nbsp;: Echange sur les repr\u00e9sentations individuelles autour de la conduite&nbsp;&nbsp;&nbsp;&nbsp;&nbsp;&nbsp;&nbsp;&nbsp;&nbsp;&nbsp;&nbsp;&nbsp;&nbsp;&nbsp;&nbsp;&nbsp;&nbsp;&nbsp;&nbsp;&nbsp;&nbsp;&nbsp;&nbsp; Dur\u00e9e&nbsp;: 30 mn SEQUENCE 2&nbsp;: Formation \u00e0 la conduite hors circulation &nbsp;&nbsp;&nbsp;&nbsp;&nbsp;&nbsp;&nbsp;&nbsp;&nbsp;&nbsp;&nbsp;&nbsp;&nbsp;&nbsp;&nbsp;&nbsp;&nbsp;&nbsp;&nbsp;&nbsp;&nbsp;&nbsp;&nbsp;&nbsp;&nbsp;&nbsp;&nbsp;&nbsp;&nbsp;&nbsp;&nbsp;&nbsp;&nbsp;&nbsp;&nbsp;&nbsp;&nbsp;&nbsp;&nbsp;&nbsp;&nbsp; &nbsp;&nbsp;&nbsp;&nbsp;&nbsp;&nbsp;&nbsp;&nbsp;&nbsp;&nbsp;&nbsp;&hellip; <br \/> <a class=\"read-more\" href=\"https:\/\/automotoecole-issurtille-stjulien.fr\/index.php\/programme-de-formation-permis-am\/\">Lire la suite<\/a><\/p>\n","protected":false},"author":1,"featured_media":0,"parent":0,"menu_order":0,"comment_status":"closed","ping_status":"closed","template":"","meta":{"footnotes":""},"class_list":["post-179","page","type-page","status-publish","hentry"],"_links":{"self":[{"href":"https:\/\/automotoecole-issurtille-stjulien.fr\/index.php\/wp-json\/wp\/v2\/pages\/179","targetHints":{"allow":["GET"]}}],"collection":[{"href":"https:\/\/automotoecole-issurtille-stjulien.fr\/index.php\/wp-json\/wp\/v2\/pages"}],"about":[{"href":"https:\/\/automotoecole-issurtille-stjulien.fr\/index.php\/wp-json\/wp\/v2\/types\/page"}],"author":[{"embeddable":true,"href":"https:\/\/automotoecole-issurtille-stjulien.fr\/index.php\/wp-json\/wp\/v2\/users\/1"}],"replies":[{"embeddable":true,"href":"https:\/\/automotoecole-issurtille-stjulien.fr\/index.php\/wp-json\/wp\/v2\/comments?post=179"}],"version-history":[{"count":1,"href":"https:\/\/automotoecole-issurtille-stjulien.fr\/index.php\/wp-json\/wp\/v2\/pages\/179\/revisions"}],"predecessor-version":[{"id":180,"href":"https:\/\/automotoecole-issurtille-stjulien.fr\/index.php\/wp-json\/wp\/v2\/pages\/179\/revisions\/180"}],"wp:attachment":[{"href":"https:\/\/automotoecole-issurtille-stjulien.fr\/index.php\/wp-json\/wp\/v2\/media?parent=179"}],"curies":[{"name":"wp","href":"https:\/\/api.w.org\/{rel}","templated":true}]}}