{"id":181,"date":"2021-08-03T22:09:58","date_gmt":"2021-08-03T20:09:58","guid":{"rendered":"https:\/\/automotoecole-issurtille-stjulien.fr\/?page_id=181"},"modified":"2022-03-28T09:38:14","modified_gmt":"2022-03-28T07:38:14","slug":"programme-de-formation-b78-vers-b","status":"publish","type":"page","link":"https:\/\/automotoecole-issurtille-stjulien.fr\/index.php\/programme-de-formation-b78-vers-b\/","title":{"rendered":"Programme de Formation B78 vers B"},"content":{"rendered":"\n<h5 class=\"wp-block-heading\">Vous \u00eates titulaire d\u2019un permis \u00ab B78 \u00bb (bo\u00eete automatique) et vous souhaitez conduire une voiture \u00e9quip\u00e9e d\u2019une bo\u00eete manuelle <\/h5>\n\n\n\n<p><\/p>\n\n\n\n<p><strong>LES OBJECTIFS DE LA FORMATION<\/strong><\/p>\n\n\n\n<p>Acqu\u00e9rir des connaissances techniques, r\u00e9glementaires, et de s\u00e9curit\u00e9 routi\u00e8re permettant de pouvoir conduire un v\u00e9hicule de la cat\u00e9gorie B avec une boite manuelle<\/p>\n\n\n\n<p><strong>PROGRAMME DE LA FORMATION<\/strong><\/p>\n\n\n\n<p>Apr\u00e8s une \u00e9valuation pr\u00e9alable, la formation se d\u00e9compose en deux s\u00e9quences&nbsp;:<\/p>\n\n\n\n<ol class=\"wp-block-list\" type=\"1\"><li>Dans un trafic nul ou faible, l\u2019\u00e9l\u00e8ve doit acqu\u00e9rir les connaissances et les comp\u00e9tences suivantes&nbsp;:&nbsp;&nbsp;&nbsp;&nbsp;&nbsp;&nbsp;&nbsp;&nbsp;&nbsp;&nbsp;&nbsp;&nbsp;&nbsp;&nbsp;&nbsp;&nbsp;&nbsp;&nbsp;&nbsp;&nbsp;&nbsp;&nbsp;&nbsp;&nbsp;&nbsp;&nbsp;&nbsp;&nbsp;&nbsp; Dur\u00e9e&nbsp;: 2 heures<\/li><li>Comprendre le principe du point de patinage de l\u2019embrayage et assurer sa mise en \u0153uvre<\/li><li>Etre en capacit\u00e9 de r\u00e9aliser un d\u00e9marrage en c\u00f4te en toute s\u00e9curit\u00e9<\/li><\/ol>\n\n\n\n<p>Une partie de cette s\u00e9quence, limit\u00e9e \u00e0 une heure, peut-\u00eatre r\u00e9alis\u00e9e sur simulateur notamment pour apprendre \u00e0 utiliser la boite de vitesse manuelle<\/p>\n\n\n\n<ul class=\"wp-block-list\"><li>Cette s\u00e9quence se d\u00e9roule dans des conditions de circulation vari\u00e9es, simples et complexes. &nbsp;&nbsp;&nbsp;&nbsp;&nbsp;&nbsp;&nbsp;&nbsp;&nbsp;&nbsp;&nbsp;&nbsp;&nbsp;&nbsp;&nbsp;&nbsp;&nbsp;&nbsp;&nbsp;&nbsp;&nbsp;&nbsp;&nbsp;&nbsp;&nbsp;&nbsp;&nbsp;&nbsp;&nbsp;&nbsp;&nbsp;&nbsp;&nbsp;&nbsp;&nbsp;&nbsp;&nbsp;&nbsp;&nbsp;&nbsp;&nbsp;&nbsp;&nbsp;&nbsp;&nbsp;&nbsp;&nbsp;&nbsp;&nbsp;&nbsp;&nbsp;&nbsp;&nbsp;&nbsp;&nbsp;&nbsp;&nbsp;&nbsp; Dur\u00e9e&nbsp;: 5 heures<\/li><\/ul>\n\n\n\n<p>Elle permet l\u2019acquisition des comp\u00e9tences suivantes&nbsp;:<\/p>\n\n\n\n<ul class=\"wp-block-list\"><li>Savoir utiliser la boite de vitesse manuelle de fa\u00e7on rationnelle et en toute s\u00e9curit\u00e9 dans des conditions de circulation pr\u00e9cit\u00e9es et adopter les techniques de l\u2019\u00e9co-conduite<\/li><li>Etre en capacit\u00e9 de diriger le v\u00e9hicule en adaptant l\u2019allure et la trajectoire \u00e0 l\u2019environnement et aux conditions de circulation&nbsp;<\/li><\/ul>\n\n\n\n<p><strong>PUBLIC VISE &amp; PREREQUIS<\/strong><\/p>\n\n\n\n<ul class=\"wp-block-list\"><li>Avoir 18 ans<\/li><li>Etre titulaire du permis B mention B78<\/li><li>Savoir lire et \u00e9crire la langue Fran\u00e7aise<\/li><li>Avoir satisfait \u00e9ventuellement \u00e0 une \u00e9valuation pr\u00e9alable<\/li><\/ul>\n\n\n\n<p><strong>RESULTATS ATTENDUS<\/strong><\/p>\n\n\n\n<p>&nbsp;&nbsp;&nbsp;&nbsp;&nbsp;&nbsp;&nbsp;&nbsp;&nbsp;&nbsp;&nbsp; Avoir un niveau de conduite s\u00e9curitaire suffisant d\u2019un v\u00e9hicule avec boite manuelle<\/p>\n\n\n\n<p><strong>MOYENS TECHNIQUES ET PEDAGOGIQUES<\/strong><\/p>\n\n\n\n<ul class=\"wp-block-list\"><li><em>QUALIFICATION DES INTERVENANTS<\/em><\/li><\/ul>\n\n\n\n<p>Enseignant de la conduite et de la s\u00e9curit\u00e9 routi\u00e8re dipl\u00f4m\u00e9 et titulaire d\u2019une autorisation d\u2019enseigner en cours de validit\u00e9.<\/p>\n\n\n\n<ul class=\"wp-block-list\"><li><em>MOYENS PEDAGOGIQUES ET TECHNIQUES<\/em><\/li><\/ul>\n\n\n\n<ul class=\"wp-block-list\"><li>M\u00e9thodes actives adapt\u00e9es \u00e0 la formation des adultes.<ul><li>Alternance de th\u00e9orie et de pratique<\/li><\/ul><ul><li>Salles de cours \u00e9quip\u00e9es de moyens multim\u00e9dia.<\/li><\/ul><ul><li>V\u00e9hicules adapt\u00e9s \u00e0 l\u2019enseignement.<\/li><\/ul><ul><li>Fourniture de supports p\u00e9dagogiques sp\u00e9cifiques<\/li><\/ul><\/li><\/ul>\n\n\n\n<ul class=\"wp-block-list\"><li><em>EVALUATION DE LA FORMATION &amp; CONDITIONS DE REUSSITE<\/em><\/li><\/ul>\n\n\n\n<ul class=\"wp-block-list\"><li>Feuilles de pr\u00e9sence \u00e9marg\u00e9es par les stagiaires pour les formations d\u2019inscrivant dans le cadre de la formation professionnelle<\/li><li>Un questionnaire est utilis\u00e9 pour mesurer la satisfaction globale des stagiaires sur l\u2019organisation, les qualit\u00e9s p\u00e9dagogiques du formateur, les m\u00e9thodes et supports utilis\u00e9s\u2026<\/li><\/ul>\n\n\n\n<p>Conditions de r\u00e9ussite&nbsp;: satisfaire un examen blanc.<\/p>\n\n\n\n<p><strong>SANCTION DE LA FORMATION<\/strong><\/p>\n\n\n\n<p>D\u00e9livrance d\u2019une attestation de formation permettant de faire la demande d\u2019obtention de titre \u00ab&nbsp;permis B&nbsp;\u00bb<\/p>\n\n\n\n<p><strong>DUREE DE LA FORMATION ET MODALITES D\u2019ORGANISATION<\/strong><\/p>\n\n\n\n<p><strong><em>7 heures de conduite minimum<\/em><\/strong><\/p>\n\n\n\n<p><strong>DATE(S)&nbsp;:<\/strong><\/p>\n\n\n\n<p><em>Nous consulter<\/em><\/p>\n\n\n\n<p><strong>INFORMATION HANDICAP<\/strong><\/p>\n\n\n\n<p>Chaque situation de handicap \u00e9tant unique, nous vous demandons de pr\u00e9ciser \u00e0 l\u2019inscription votre handicap. Nous pourrons ainsi confirmer l\u2019ensemble des possibilit\u00e9s d\u2019accueil et de mise en \u0153uvre de la formation. Pour toutes informations compl\u00e9mentaires, vous pouvez contacter https:\/\/www.automobile.ceremh.org\/<\/p>\n","protected":false},"excerpt":{"rendered":"<p>Vous \u00eates titulaire d\u2019un permis \u00ab B78 \u00bb (bo\u00eete automatique) et vous souhaitez conduire une voiture \u00e9quip\u00e9e d\u2019une bo\u00eete manuelle LES OBJECTIFS DE LA FORMATION Acqu\u00e9rir des connaissances techniques, r\u00e9glementaires, et de s\u00e9curit\u00e9 routi\u00e8re permettant de pouvoir conduire un v\u00e9hicule de la cat\u00e9gorie B avec une boite manuelle PROGRAMME DE LA FORMATION Apr\u00e8s une \u00e9valuation&hellip; <br \/> <a class=\"read-more\" href=\"https:\/\/automotoecole-issurtille-stjulien.fr\/index.php\/programme-de-formation-b78-vers-b\/\">Lire la suite<\/a><\/p>\n","protected":false},"author":1,"featured_media":0,"parent":0,"menu_order":0,"comment_status":"closed","ping_status":"closed","template":"","meta":{"footnotes":""},"class_list":["post-181","page","type-page","status-publish","hentry"],"_links":{"self":[{"href":"https:\/\/automotoecole-issurtille-stjulien.fr\/index.php\/wp-json\/wp\/v2\/pages\/181","targetHints":{"allow":["GET"]}}],"collection":[{"href":"https:\/\/automotoecole-issurtille-stjulien.fr\/index.php\/wp-json\/wp\/v2\/pages"}],"about":[{"href":"https:\/\/automotoecole-issurtille-stjulien.fr\/index.php\/wp-json\/wp\/v2\/types\/page"}],"author":[{"embeddable":true,"href":"https:\/\/automotoecole-issurtille-stjulien.fr\/index.php\/wp-json\/wp\/v2\/users\/1"}],"replies":[{"embeddable":true,"href":"https:\/\/automotoecole-issurtille-stjulien.fr\/index.php\/wp-json\/wp\/v2\/comments?post=181"}],"version-history":[{"count":2,"href":"https:\/\/automotoecole-issurtille-stjulien.fr\/index.php\/wp-json\/wp\/v2\/pages\/181\/revisions"}],"predecessor-version":[{"id":257,"href":"https:\/\/automotoecole-issurtille-stjulien.fr\/index.php\/wp-json\/wp\/v2\/pages\/181\/revisions\/257"}],"wp:attachment":[{"href":"https:\/\/automotoecole-issurtille-stjulien.fr\/index.php\/wp-json\/wp\/v2\/media?parent=181"}],"curies":[{"name":"wp","href":"https:\/\/api.w.org\/{rel}","templated":true}]}}