{"id":230,"date":"2022-03-28T09:20:16","date_gmt":"2022-03-28T07:20:16","guid":{"rendered":"http:\/\/automotoecole-issurtille-stjulien.fr\/?page_id=230"},"modified":"2022-03-29T13:13:12","modified_gmt":"2022-03-29T11:13:12","slug":"permis-b","status":"publish","type":"page","link":"https:\/\/automotoecole-issurtille-stjulien.fr\/index.php\/permis-b\/","title":{"rendered":"Permis B"},"content":{"rendered":"\n<p>Le permis de conduire de la&nbsp;<strong>cat\u00e9gorie B<\/strong>&nbsp;permet la conduite de tous les v\u00e9hicules de tourisme comportant 9 places assises maximum (conducteur compris) et des v\u00e9hicules utilitaires dont le poids total en charge ne d\u00e9passe pas 3,5 tonnes.<\/p>\n\n\n\n<p><strong>ATTENTION : en cas d\u2019obtention du permis B sur bo\u00eete automatique, il ne sera possible que de conduire uniquement  des voitures \u00e9quip\u00e9es de bo\u00eetes automatiques. le \u00ab&nbsp;code 78&nbsp;\u00bb sera mentionn\u00e9 sur le titre de conduite. Pour pouvoir circuler aux commandes d\u2019une voiture \u00e9quip\u00e9e d\u2019une bo\u00eete manuelle, il faudra attendre un d\u00e9lai de 6 mois apr\u00e8s l\u2019obtention du permis afin d\u2019effectuer une formation de 7 heures en auto \u00e9cole, qui permettra de valider la cat\u00e9gorie bo\u00eete manuelle.<\/strong><\/p>\n\n\n\n<p>Cette cat\u00e9gorie de permis permet aussi de tracter une remorque dont le PTAC est inf\u00e9rieur \u00e0 750&nbsp;kg.<\/p>\n\n\n\n<p>Au bout de 2 ans de permis B, si vous passez une formation de 7 heures compl\u00e9mentaires vous pourrez conduire une moto 125 cm\u00b3.<\/p>\n\n\n\n<p>Tout candidat passant son permis automobile B est soumis aux conditions du permis probatoire. Cette p\u00e9riode dure 3 ans et le candidat re\u00e7oit 2 points par an \u00e0 chaque date anniversaire d\u2019obtention de son examen. Cette p\u00e9riode peut \u00eatre r\u00e9duite \u00e0 2 ans si la personne a suivi l\u2019apprentissage anticip\u00e9 de la conduite.<\/p>\n\n\n\n<p><\/p>\n\n\n\n<figure class=\"wp-block-image\"><img decoding=\"async\" src=\"https:\/\/th.bing.com\/th\/id\/R.d1242c8695461addfc1415da6d77c29d?rik=M1Xqz22ZB7Njog&amp;riu=http%3a%2f%2fwww.auto-ecole-dh.fr%2fwp-content%2fuploads%2f2017%2f05%2fpermisb.jpg&amp;ehk=ROZVKdBDGAUDfgbqgvQNUxyH7CbLMlvXpR5DeG63wW0%3d&amp;risl=&amp;pid=ImgRaw&amp;r=0\" alt=\"Afficher l\u2019image source\"\/><\/figure>\n","protected":false},"excerpt":{"rendered":"<p>Le permis de conduire de la&nbsp;cat\u00e9gorie B&nbsp;permet la conduite de tous les v\u00e9hicules de tourisme comportant 9 places assises maximum (conducteur compris) et des v\u00e9hicules utilitaires dont le poids total en charge ne d\u00e9passe pas 3,5 tonnes. ATTENTION : en cas d\u2019obtention du permis B sur bo\u00eete automatique, il ne sera possible que de conduire&hellip; <br \/> <a class=\"read-more\" href=\"https:\/\/automotoecole-issurtille-stjulien.fr\/index.php\/permis-b\/\">Lire la suite<\/a><\/p>\n","protected":false},"author":1,"featured_media":0,"parent":0,"menu_order":0,"comment_status":"closed","ping_status":"closed","template":"","meta":{"footnotes":""},"class_list":["post-230","page","type-page","status-publish","hentry"],"_links":{"self":[{"href":"https:\/\/automotoecole-issurtille-stjulien.fr\/index.php\/wp-json\/wp\/v2\/pages\/230","targetHints":{"allow":["GET"]}}],"collection":[{"href":"https:\/\/automotoecole-issurtille-stjulien.fr\/index.php\/wp-json\/wp\/v2\/pages"}],"about":[{"href":"https:\/\/automotoecole-issurtille-stjulien.fr\/index.php\/wp-json\/wp\/v2\/types\/page"}],"author":[{"embeddable":true,"href":"https:\/\/automotoecole-issurtille-stjulien.fr\/index.php\/wp-json\/wp\/v2\/users\/1"}],"replies":[{"embeddable":true,"href":"https:\/\/automotoecole-issurtille-stjulien.fr\/index.php\/wp-json\/wp\/v2\/comments?post=230"}],"version-history":[{"count":4,"href":"https:\/\/automotoecole-issurtille-stjulien.fr\/index.php\/wp-json\/wp\/v2\/pages\/230\/revisions"}],"predecessor-version":[{"id":315,"href":"https:\/\/automotoecole-issurtille-stjulien.fr\/index.php\/wp-json\/wp\/v2\/pages\/230\/revisions\/315"}],"wp:attachment":[{"href":"https:\/\/automotoecole-issurtille-stjulien.fr\/index.php\/wp-json\/wp\/v2\/media?parent=230"}],"curies":[{"name":"wp","href":"https:\/\/api.w.org\/{rel}","templated":true}]}}