{"id":235,"date":"2022-03-28T09:29:21","date_gmt":"2022-03-28T07:29:21","guid":{"rendered":"http:\/\/automotoecole-issurtille-stjulien.fr\/?page_id=235"},"modified":"2022-03-29T13:09:49","modified_gmt":"2022-03-29T11:09:49","slug":"permis-a1-et-a2","status":"publish","type":"page","link":"https:\/\/automotoecole-issurtille-stjulien.fr\/index.php\/permis-a1-et-a2\/","title":{"rendered":"Permis A1 et A2"},"content":{"rendered":"\n<p>Le permis A1 permet de conduire une motocyclette l\u00e9g\u00e8re (avec ou sans side-car) d\u2019une puissance maximale de 11 kilowatts (15 ch) et qui n\u2019exc\u00e8de pas 125 cm3 de cylindr\u00e9e , un tricycle \u00e0 moteur d\u2019une puissance maximale de 15 kilowatts<\/p>\n\n\n\n<p>Le permis A2 permet de conduire une motocyclette (avec ou sans side-car), dont la puissance n\u2019exc\u00e8de pas 35 kilowatts et dont le rapport puissance\/poids n\u2019exc\u00e8de pas 0,2 kw par kilogramme, un tricycle \u00e0 moteur d\u2019une puissance maximum de 15 kw<\/p>\n\n\n\n<figure class=\"wp-block-image\"><img decoding=\"async\" src=\"https:\/\/ffmc90.org\/wp-content\/uploads\/2020\/02\/plateau.jpg\" alt=\"Afficher l\u2019image source\"\/><\/figure>\n","protected":false},"excerpt":{"rendered":"<p>Le permis A1 permet de conduire une motocyclette l\u00e9g\u00e8re (avec ou sans side-car) d\u2019une puissance maximale de 11 kilowatts (15 ch) et qui n\u2019exc\u00e8de pas 125 cm3 de cylindr\u00e9e , un tricycle \u00e0 moteur d\u2019une puissance maximale de 15 kilowatts Le permis A2 permet de conduire une motocyclette (avec ou sans side-car), dont la puissance&hellip; <br \/> <a class=\"read-more\" href=\"https:\/\/automotoecole-issurtille-stjulien.fr\/index.php\/permis-a1-et-a2\/\">Lire la suite<\/a><\/p>\n","protected":false},"author":1,"featured_media":0,"parent":0,"menu_order":0,"comment_status":"closed","ping_status":"closed","template":"","meta":{"footnotes":""},"class_list":["post-235","page","type-page","status-publish","hentry"],"_links":{"self":[{"href":"https:\/\/automotoecole-issurtille-stjulien.fr\/index.php\/wp-json\/wp\/v2\/pages\/235","targetHints":{"allow":["GET"]}}],"collection":[{"href":"https:\/\/automotoecole-issurtille-stjulien.fr\/index.php\/wp-json\/wp\/v2\/pages"}],"about":[{"href":"https:\/\/automotoecole-issurtille-stjulien.fr\/index.php\/wp-json\/wp\/v2\/types\/page"}],"author":[{"embeddable":true,"href":"https:\/\/automotoecole-issurtille-stjulien.fr\/index.php\/wp-json\/wp\/v2\/users\/1"}],"replies":[{"embeddable":true,"href":"https:\/\/automotoecole-issurtille-stjulien.fr\/index.php\/wp-json\/wp\/v2\/comments?post=235"}],"version-history":[{"count":2,"href":"https:\/\/automotoecole-issurtille-stjulien.fr\/index.php\/wp-json\/wp\/v2\/pages\/235\/revisions"}],"predecessor-version":[{"id":313,"href":"https:\/\/automotoecole-issurtille-stjulien.fr\/index.php\/wp-json\/wp\/v2\/pages\/235\/revisions\/313"}],"wp:attachment":[{"href":"https:\/\/automotoecole-issurtille-stjulien.fr\/index.php\/wp-json\/wp\/v2\/media?parent=235"}],"curies":[{"name":"wp","href":"https:\/\/api.w.org\/{rel}","templated":true}]}}