{"id":241,"date":"2022-03-28T09:32:14","date_gmt":"2022-03-28T07:32:14","guid":{"rendered":"http:\/\/automotoecole-issurtille-stjulien.fr\/?page_id=241"},"modified":"2022-03-29T13:11:39","modified_gmt":"2022-03-29T11:11:39","slug":"permis-am","status":"publish","type":"page","link":"https:\/\/automotoecole-issurtille-stjulien.fr\/index.php\/permis-am\/","title":{"rendered":"Permis AM"},"content":{"rendered":"\n<p>Le BSR, Brevet de S\u00e9curit\u00e9 Routi\u00e8re correspond \u00e0 la cat\u00e9gorie AM du permis de conduire. Il s\u2019obtient \u00e0 la suite d\u2019une formation th\u00e9orique et pratique.<\/p>\n\n\n\n<figure class=\"wp-block-image\"><img decoding=\"async\" src=\"https:\/\/www.fauvelandco.com\/wp-content\/uploads\/2017\/03\/article-top-bsr.jpg\" alt=\"Afficher l\u2019image source\"\/><\/figure>\n\n\n\n<p><\/p>\n","protected":false},"excerpt":{"rendered":"<p>Le BSR, Brevet de S\u00e9curit\u00e9 Routi\u00e8re correspond \u00e0 la cat\u00e9gorie AM du permis de conduire. Il s\u2019obtient \u00e0 la suite d\u2019une formation th\u00e9orique et pratique.<\/p>\n","protected":false},"author":1,"featured_media":0,"parent":0,"menu_order":0,"comment_status":"closed","ping_status":"closed","template":"","meta":{"footnotes":""},"class_list":["post-241","page","type-page","status-publish","hentry"],"_links":{"self":[{"href":"https:\/\/automotoecole-issurtille-stjulien.fr\/index.php\/wp-json\/wp\/v2\/pages\/241","targetHints":{"allow":["GET"]}}],"collection":[{"href":"https:\/\/automotoecole-issurtille-stjulien.fr\/index.php\/wp-json\/wp\/v2\/pages"}],"about":[{"href":"https:\/\/automotoecole-issurtille-stjulien.fr\/index.php\/wp-json\/wp\/v2\/types\/page"}],"author":[{"embeddable":true,"href":"https:\/\/automotoecole-issurtille-stjulien.fr\/index.php\/wp-json\/wp\/v2\/users\/1"}],"replies":[{"embeddable":true,"href":"https:\/\/automotoecole-issurtille-stjulien.fr\/index.php\/wp-json\/wp\/v2\/comments?post=241"}],"version-history":[{"count":2,"href":"https:\/\/automotoecole-issurtille-stjulien.fr\/index.php\/wp-json\/wp\/v2\/pages\/241\/revisions"}],"predecessor-version":[{"id":314,"href":"https:\/\/automotoecole-issurtille-stjulien.fr\/index.php\/wp-json\/wp\/v2\/pages\/241\/revisions\/314"}],"wp:attachment":[{"href":"https:\/\/automotoecole-issurtille-stjulien.fr\/index.php\/wp-json\/wp\/v2\/media?parent=241"}],"curies":[{"name":"wp","href":"https:\/\/api.w.org\/{rel}","templated":true}]}}