{"id":272,"date":"2022-03-28T10:15:44","date_gmt":"2022-03-28T08:15:44","guid":{"rendered":"http:\/\/automotoecole-issurtille-stjulien.fr\/?page_id=272"},"modified":"2025-09-28T11:08:52","modified_gmt":"2025-09-28T09:08:52","slug":"bilan-annuel-et-statistique","status":"publish","type":"page","link":"https:\/\/automotoecole-issurtille-stjulien.fr\/index.php\/bilan-annuel-et-statistique\/","title":{"rendered":"Bilan annuel et statistiques"},"content":{"rendered":"\n<p>Nous mettons \u00e0 disposition, sur simple demande \u00e0 notre secr\u00e9tariat et \u00e0 toute personne le demandant, un bilan annuel sur une ann\u00e9e glissante apportant les informations suivantes :<\/p>\n\n\n\n<p>&nbsp;&#8211; Taux de r\u00e9ussite par fili\u00e8re (AAC, traditionnelle) et par cat\u00e9gorie en premi\u00e8re et deuxi\u00e8me pr\u00e9sentation<\/p>\n\n\n\n<p>&nbsp;&#8211; Nombre moyen d&rsquo;heures de formation correspondant au taux de r\u00e9ussite en premi\u00e8re et deuxi\u00e8me pr\u00e9sentation. Ce bilan sera communiqu\u00e9 par \u00e9crit.<\/p>\n\n\n\n<figure class=\"wp-block-image size-full\"><img loading=\"lazy\" decoding=\"async\" width=\"923\" height=\"363\" src=\"https:\/\/automotoecole-issurtille-stjulien.fr\/wp-content\/uploads\/2025\/09\/Statistique-IS-2024-2025.jpg\" alt=\"\" class=\"wp-image-412\" srcset=\"https:\/\/automotoecole-issurtille-stjulien.fr\/wp-content\/uploads\/2025\/09\/Statistique-IS-2024-2025.jpg 923w, https:\/\/automotoecole-issurtille-stjulien.fr\/wp-content\/uploads\/2025\/09\/Statistique-IS-2024-2025-300x118.jpg 300w, https:\/\/automotoecole-issurtille-stjulien.fr\/wp-content\/uploads\/2025\/09\/Statistique-IS-2024-2025-768x302.jpg 768w\" sizes=\"auto, (max-width: 923px) 100vw, 923px\" \/><figcaption class=\"wp-element-caption\">IS SUR TILLE<\/figcaption><\/figure>\n\n\n\n<figure class=\"wp-block-image size-full\"><img loading=\"lazy\" decoding=\"async\" width=\"929\" height=\"369\" src=\"https:\/\/automotoecole-issurtille-stjulien.fr\/wp-content\/uploads\/2025\/09\/Statistique-Saint-Julien-2024-2025.jpg\" alt=\"\" class=\"wp-image-413\" srcset=\"https:\/\/automotoecole-issurtille-stjulien.fr\/wp-content\/uploads\/2025\/09\/Statistique-Saint-Julien-2024-2025.jpg 929w, https:\/\/automotoecole-issurtille-stjulien.fr\/wp-content\/uploads\/2025\/09\/Statistique-Saint-Julien-2024-2025-300x119.jpg 300w, https:\/\/automotoecole-issurtille-stjulien.fr\/wp-content\/uploads\/2025\/09\/Statistique-Saint-Julien-2024-2025-768x305.jpg 768w\" sizes=\"auto, (max-width: 929px) 100vw, 929px\" \/><figcaption class=\"wp-element-caption\">ST JULIEN<\/figcaption><\/figure>\n","protected":false},"excerpt":{"rendered":"<p>Nous mettons \u00e0 disposition, sur simple demande \u00e0 notre secr\u00e9tariat et \u00e0 toute personne le demandant, un bilan annuel sur une ann\u00e9e glissante apportant les informations suivantes : &nbsp;&#8211; Taux de r\u00e9ussite par fili\u00e8re (AAC, traditionnelle) et par cat\u00e9gorie en premi\u00e8re et deuxi\u00e8me pr\u00e9sentation &nbsp;&#8211; Nombre moyen d&rsquo;heures de formation correspondant au taux de r\u00e9ussite&hellip; <br \/> <a class=\"read-more\" href=\"https:\/\/automotoecole-issurtille-stjulien.fr\/index.php\/bilan-annuel-et-statistique\/\">Lire la suite<\/a><\/p>\n","protected":false},"author":1,"featured_media":0,"parent":0,"menu_order":0,"comment_status":"closed","ping_status":"closed","template":"","meta":{"footnotes":""},"class_list":["post-272","page","type-page","status-publish","hentry"],"_links":{"self":[{"href":"https:\/\/automotoecole-issurtille-stjulien.fr\/index.php\/wp-json\/wp\/v2\/pages\/272","targetHints":{"allow":["GET"]}}],"collection":[{"href":"https:\/\/automotoecole-issurtille-stjulien.fr\/index.php\/wp-json\/wp\/v2\/pages"}],"about":[{"href":"https:\/\/automotoecole-issurtille-stjulien.fr\/index.php\/wp-json\/wp\/v2\/types\/page"}],"author":[{"embeddable":true,"href":"https:\/\/automotoecole-issurtille-stjulien.fr\/index.php\/wp-json\/wp\/v2\/users\/1"}],"replies":[{"embeddable":true,"href":"https:\/\/automotoecole-issurtille-stjulien.fr\/index.php\/wp-json\/wp\/v2\/comments?post=272"}],"version-history":[{"count":7,"href":"https:\/\/automotoecole-issurtille-stjulien.fr\/index.php\/wp-json\/wp\/v2\/pages\/272\/revisions"}],"predecessor-version":[{"id":415,"href":"https:\/\/automotoecole-issurtille-stjulien.fr\/index.php\/wp-json\/wp\/v2\/pages\/272\/revisions\/415"}],"wp:attachment":[{"href":"https:\/\/automotoecole-issurtille-stjulien.fr\/index.php\/wp-json\/wp\/v2\/media?parent=272"}],"curies":[{"name":"wp","href":"https:\/\/api.w.org\/{rel}","templated":true}]}}