{"id":274,"date":"2022-03-28T10:24:17","date_gmt":"2022-03-28T08:24:17","guid":{"rendered":"http:\/\/automotoecole-issurtille-stjulien.fr\/?page_id=274"},"modified":"2022-03-29T11:46:12","modified_gmt":"2022-03-29T09:46:12","slug":"donnez-votre-avis","status":"publish","type":"page","link":"https:\/\/automotoecole-issurtille-stjulien.fr\/index.php\/donnez-votre-avis\/","title":{"rendered":"Donnez votre avis"},"content":{"rendered":"\n<p>Nous invitons nos \u00e9l\u00e8ves \u00e0 laisser leur avis sur leur formation sur le site Vroomvroom :<\/p>\n\n\n\n<p><a href=\"https:\/\/www.vroomvroom.fr\/auto-ecoles\/cote-d-or\/is-sur-tille\/auto-ecole-is-sur-tille\">Auto-\u00e9cole Is-sur-Tille \u00e0 Is-sur-tille &#8211; Vroomvroom.fr<\/a><\/p>\n\n\n\n<p><a href=\"https:\/\/www.vroomvroom.fr\/auto-ecoles\/cote-d-or\/saint-julien\/auto-moto-ecole-saint-julien\">Auto-moto-\u00e9cole Saint-Julien \u00e0 Saint-julien &#8211; Vroomvroom.fr<\/a><\/p>\n","protected":false},"excerpt":{"rendered":"<p>Nous invitons nos \u00e9l\u00e8ves \u00e0 laisser leur avis sur leur formation sur le site Vroomvroom : Auto-\u00e9cole Is-sur-Tille \u00e0 Is-sur-tille &#8211; Vroomvroom.fr Auto-moto-\u00e9cole Saint-Julien \u00e0 Saint-julien &#8211; Vroomvroom.fr<\/p>\n","protected":false},"author":1,"featured_media":0,"parent":0,"menu_order":0,"comment_status":"closed","ping_status":"closed","template":"","meta":{"footnotes":""},"class_list":["post-274","page","type-page","status-publish","hentry"],"_links":{"self":[{"href":"https:\/\/automotoecole-issurtille-stjulien.fr\/index.php\/wp-json\/wp\/v2\/pages\/274","targetHints":{"allow":["GET"]}}],"collection":[{"href":"https:\/\/automotoecole-issurtille-stjulien.fr\/index.php\/wp-json\/wp\/v2\/pages"}],"about":[{"href":"https:\/\/automotoecole-issurtille-stjulien.fr\/index.php\/wp-json\/wp\/v2\/types\/page"}],"author":[{"embeddable":true,"href":"https:\/\/automotoecole-issurtille-stjulien.fr\/index.php\/wp-json\/wp\/v2\/users\/1"}],"replies":[{"embeddable":true,"href":"https:\/\/automotoecole-issurtille-stjulien.fr\/index.php\/wp-json\/wp\/v2\/comments?post=274"}],"version-history":[{"count":3,"href":"https:\/\/automotoecole-issurtille-stjulien.fr\/index.php\/wp-json\/wp\/v2\/pages\/274\/revisions"}],"predecessor-version":[{"id":305,"href":"https:\/\/automotoecole-issurtille-stjulien.fr\/index.php\/wp-json\/wp\/v2\/pages\/274\/revisions\/305"}],"wp:attachment":[{"href":"https:\/\/automotoecole-issurtille-stjulien.fr\/index.php\/wp-json\/wp\/v2\/media?parent=274"}],"curies":[{"name":"wp","href":"https:\/\/api.w.org\/{rel}","templated":true}]}}