{"id":283,"date":"2022-03-28T10:53:47","date_gmt":"2022-03-28T08:53:47","guid":{"rendered":"http:\/\/automotoecole-issurtille-stjulien.fr\/index.php\/mesmerize\/"},"modified":"2025-03-15T16:15:29","modified_gmt":"2025-03-15T15:15:29","slug":"mesmerize","status":"publish","type":"page","link":"https:\/\/automotoecole-issurtille-stjulien.fr\/","title":{"rendered":"Front Page"},"content":{"rendered":"<div  data-label=\"Team\" data-id=\"team--1\" data-export-id=\"team-5\" data-category=\"team\" class=\"team-5 content-section content-section-spacing\" id=\"team-1\" style=\"background-color: rgb(255, 255, 255);\"><div  class=\"gridContainer\"> <div  class=\"row text-center\"><div  class=\"section-title-col\" data-type=\"column\"> <h2  class=\"\">Notre \u00e9quipe<\/h2> <p  class=\"lead\">Notre \u00e9quipe est l\u00e0 pour vous accompagner dans votre r\u00e9ussite au permis !<\/p><\/div> <\/div> <div  class=\"row spaced-cols content-center-sm\" data-type=\"row\"> <div  class=\"col-xs-12 col-sm-6 col-md-3 col-padding\"> <div  class=\"row \"> <div  data-type=\"column\" class=\"col-xs-12 col-sm-12\"> <img decoding=\"async\"  class=\"round face\" src=\"http:\/\/automotoecole-issurtille-stjulien.fr\/wp-content\/uploads\/2022\/03\/cropped-cindy.jpg\" title=\"cropped-cindy.jpg\" alt=\"\"> <h4  class=\"font-500\">Cindy<\/h4> <p  class=\"italic\">Gestion administative&nbsp;<br >Charg\u00e9e de relation avec les \u00e9l\u00e8ves<\/p>  <div  class=\"social-icons-group\" data-type=\"group\"> <a href=\"#\" target=\"_self\" data-reiki-hidden=\"true\" rel=\"noopener\"><i  class=\"gray fa icon fa-facebook-square\"><\/i><\/a> <a href=\"#\" target=\"_self\" data-reiki-hidden=\"true\" rel=\"noopener\"><i  class=\"gray fa icon fa-twitter-square\"><\/i><\/a> <a href=\"#\" target=\"_self\" data-reiki-hidden=\"true\" rel=\"noopener\"><i  class=\"gray fa icon fa-linkedin-square\"><\/i><\/a> <a href=\"#\" target=\"_self\" data-reiki-hidden=\"true\" rel=\"noopener\"><i  class=\"gray fa icon fa-google-plus-square\"><\/i><\/a><\/div> <\/div><\/div> <\/div> <div  class=\"col-xs-12 col-sm-6 col-md-3 col-padding\"> <div  class=\"row \"> <div  data-type=\"column\" class=\"col-xs-12 col-sm-12\"> <img decoding=\"async\"  class=\"round face\" src=\"http:\/\/automotoecole-issurtille-stjulien.fr\/wp-content\/uploads\/2022\/03\/cropped-yannick.png\" title=\"cropped-yannick.png\" alt=\"\"> <h4  class=\"font-500\">Yannick<\/h4> <p  class=\"italic\">G\u00e9rant\n<br >Moniteur Auto \/ Remorque\n<br >R\u00e9f\u00e9rent p\u00e9dagoqique<\/p>  <div  class=\"social-icons-group\" data-type=\"group\"> <a href=\"#\" target=\"_self\" data-reiki-hidden=\"true\" rel=\"noopener\"><i  class=\"gray fa icon fa-facebook-square\"><\/i><\/a> <a href=\"#\" target=\"_self\" data-reiki-hidden=\"true\" rel=\"noopener\"><i  class=\"gray fa icon fa-twitter-square\"><\/i><\/a> <a href=\"#\" target=\"_self\" data-reiki-hidden=\"true\" rel=\"noopener\"><i  class=\"gray fa icon fa-linkedin-square\"><\/i><\/a> <a href=\"#\" target=\"_self\" data-reiki-hidden=\"true\" rel=\"noopener\"><i  class=\"gray fa icon fa-google-plus-square\"><\/i><\/a><\/div> <\/div><\/div> <\/div> <div  class=\"col-xs-12 col-sm-6 col-md-3 col-padding\"> <div  class=\"row \"> <div  data-type=\"column\" class=\"col-xs-12 col-sm-12\"> <img decoding=\"async\"  class=\"round face\" src=\"http:\/\/automotoecole-issurtille-stjulien.fr\/wp-content\/uploads\/2022\/03\/cropped-carole.jpg\" title=\"cropped-carole.jpg\" alt=\"\"> <h4  class=\"font-500\">Carole<\/h4> <p  class=\"italic\">G\u00e9rante\n<br >Monitrice Auto \/ Moto\n<br >R\u00e9f\u00e9rente p\u00e9dagogique\n<br >R\u00e9f\u00e9rente Handicap<\/p>  <div  class=\"social-icons-group\" data-type=\"group\"> <a href=\"#\" target=\"_self\" data-reiki-hidden=\"true\" rel=\"noopener\"><i  class=\"gray fa icon fa-facebook-square\"><\/i><\/a> <a href=\"#\" target=\"_self\" data-reiki-hidden=\"true\" rel=\"noopener\"><i  class=\"gray fa icon fa-twitter-square\"><\/i><\/a> <a href=\"#\" target=\"_self\" data-reiki-hidden=\"true\" rel=\"noopener\"><i  class=\"gray fa icon fa-linkedin-square\"><\/i><\/a> <a href=\"#\" target=\"_self\" data-reiki-hidden=\"true\" rel=\"noopener\"><i  class=\"gray fa icon fa-google-plus-square\"><\/i><\/a><\/div> <\/div><\/div> <\/div> <div  class=\"col-xs-12 col-sm-6 col-md-3 col-padding\"> <div  class=\"row \"> <div  data-type=\"column\" class=\"col-xs-12 col-sm-12\"> <img decoding=\"async\"  class=\"round face\" src=\"http:\/\/automotoecole-issurtille-stjulien.fr\/wp-content\/uploads\/2022\/03\/cropped-michel.jpg\" title=\"cropped-michel.jpg\" alt=\"\"> <h4  class=\"font-500\">Michel<\/h4> <p  class=\"italic\">Moniteur Auto \/ Moto<\/p>  <div  class=\"social-icons-group\" data-type=\"group\"> <a href=\"#\" target=\"_self\" data-reiki-hidden=\"true\" rel=\"noopener\"><i  class=\"gray fa icon fa-facebook-square\"><\/i><\/a> <a href=\"#\" target=\"_self\" data-reiki-hidden=\"true\" rel=\"noopener\"><i  class=\"gray fa icon fa-twitter-square\"><\/i><\/a> <a href=\"#\" target=\"_self\" data-reiki-hidden=\"true\" rel=\"noopener\"><i  class=\"gray fa icon fa-linkedin-square\"><\/i><\/a> <a href=\"#\" target=\"_self\" data-reiki-hidden=\"true\" rel=\"noopener\"><i  class=\"gray fa icon fa-google-plus-square\"><\/i><\/a><\/div> <\/div><\/div> <\/div>    <div  class=\"col-xs-12 col-sm-6 col-md-3 col-padding\"> <div  class=\"row \"> <div  data-type=\"column\" class=\"col-xs-12 col-sm-12\"> <img decoding=\"async\"  class=\"round face\" src=\"http:\/\/automotoecole-issurtille-stjulien.fr\/wp-content\/uploads\/2023\/01\/cropped-fille-avec-avatar-sourire-mignonne-femme-heureuse-visage-plat-icone-en-cercle-bleu-isole-sur-blanc-personne-caractere-213557671-1.jpg\" title=\"cropped-fille-avec-avatar-sourire-mignonne-femme-heureuse-visage-plat-icone-en-cercle-bleu-isole-sur-blanc-personne-caractere-213557671-1.jpg\" alt=\"\"> <h4  class=\"font-500\">Manon<\/h4> <p  class=\"italic\">Monitrice Auto<\/p>  <div  class=\"social-icons-group\" data-type=\"group\"> <a href=\"#\" target=\"_self\" data-reiki-hidden=\"true\" rel=\"noopener\"><i  class=\"gray fa icon fa-facebook-square\"><\/i><\/a> <a href=\"#\" target=\"_self\" data-reiki-hidden=\"true\" rel=\"noopener\"><i  class=\"gray fa icon fa-twitter-square\"><\/i><\/a> <a href=\"#\" target=\"_self\" data-reiki-hidden=\"true\" rel=\"noopener\"><i  class=\"gray fa icon fa-linkedin-square\"><\/i><\/a> <a href=\"#\" target=\"_self\" data-reiki-hidden=\"true\" rel=\"noopener\"><i  class=\"gray fa icon fa-google-plus-square\"><\/i><\/a><\/div> <\/div><\/div> <\/div><\/div> <\/div><\/div><div  id=\"counters-2\" style=\"background-color: #f5fafd;\" data-label=\"Counters\" data-id=\"counters-2\" data-export-id=\"counters-2\" data-category=\"counters\" class=\"counters-2 content-section content-section-spacing\"><div  class=\"gridContainer\"> <div  class=\"row text-center\"><div  class=\"section-title-col\" data-type=\"column\"> <h2  class=\"\" style=\"border-bottom-color: rgb(147, 0, 255);\">Taux de r\u00e9ussite permis 2024<\/h2> <p  class=\"lead\">Nous mettons \u00e0 disposition, sur simple demande \u00e0 notre secr\u00e9tariat et \u00e0 toute personne le demandant, un bilan annuel sur une ann\u00e9e glissante apportant les informations suivantes :\n<br ><br >\u2013 Taux de r\u00e9ussite par fili\u00e8re (AAC, traditionnelle) et par cat\u00e9gorie en premi\u00e8re et deuxi\u00e8me pr\u00e9sentation<br > \u2013 Nombre moyen d\u2019heures de formation correspondant au taux de r\u00e9ussite en premi\u00e8re et deuxi\u00e8me pr\u00e9sentation. Ce bilan sera communiqu\u00e9 par \u00e9crit.<\/p><\/div> <\/div> <div  class=\"row\" data-type=\"row\"> <div  class=\"col-xs-12 col-sm-4 text-center space-bottom\"> <i  class=\"fa icon color1 fa-automobile\"><\/i> <h3  class=\"font-400\" data-min=\"0\" data-max=\"70\" data-duration=\"2000\" data-prefix=\"\" data-suffix=\"%\" data-countup=\"true\" style=\"display: inline-block;\"><\/h3> <h5  class=\"upper color2\">Permis B<br >1er passage<\/h5><\/div> <div  class=\"col-xs-12 col-sm-4 text-center space-bottom\"><i  class=\"fa icon color1 fa-motorcycle\"><\/i> <h3  class=\"font-400\" data-min=\"0\" data-max=\"90\" data-duration=\"2000\" data-prefix=\"\" data-suffix=\"%\" data-countup=\"true\" style=\"display: inline-block;\"><\/h3> <h5  class=\"upper color2\">Permis AM \u2013 A \u2013 A1 \u2013 A2\n<br >1er passage<\/h5><\/div>  <div  class=\"col-xs-12 col-sm-4 text-center space-bottom\"><i  class=\"fa icon color1 fa-opencart\"><\/i> <h3  class=\"font-400\" data-min=\"0\" data-max=\"90\" data-duration=\"2000\" data-prefix=\"\" data-suffix=\"%\" data-countup=\"true\" style=\"display: inline-block;\"><\/h3> <h5  class=\"upper color2\">PERMIS BE \u2013 B96\n<br >Premier passage<\/h5><\/div><\/div><\/div> <\/div><div  id=\"testimonials-5\" style=\"background-color: #ffffff;\" data-label=\"Testimonials\" data-id=\"testimonials-5\" data-export-id=\"testimonials-5\" data-category=\"testimonials\" class=\"testimonials-5 content-section content-section-spacing\"><div  class=\"gridContainer\"> <div  class=\"row\"><div  data-type=\"column\" class=\"section-title-col\"> <h2  class=\"\">Avis clients<\/h2> <\/div> <\/div> <div  class=\"row spaced-cols content-center-sm\" data-type=\"row\"> <div  class=\"col-xs-12 col-sm-6 col-md-4\"> <div  class=\"card y-move bordered\" data-type=\"column\"> <i  class=\"fa fa-quote-right icon color1 small quotation-icon\"><\/i> <p  class=\"text-center\">Auto \u00e9cole g\u00e9niale ! La formation a \u00e9t\u00e9 super efficace, tr\u00e8s pro,  tout en douceur et gentillesse\u2026 Finalement je ne regrette pas d\u2019avoir pris le nombre d\u2019heure recommand\u00e9es, c\u2019\u00e9tait exactement ce qu\u2019il me fallait pour r\u00e9ussir. Gr\u00e2ce \u00e0 \u00e7a je l\u2019ai eu du premier coup ! Merci \u00e0 toute l\u2019\u00e9quipe, vous \u00eates au top !<\/p>  <h6  class=\"\">Avis FB : Pierre Angulaire<\/h6> <p  class=\"small italic\">f\u00e9v 2019<\/p><\/div> <\/div> <div  class=\"col-xs-12 col-sm-6 col-md-4\"> <div  class=\"card y-move bordered\" data-type=\"column\"> <i  class=\"fa fa-quote-right icon color1 small quotation-icon\"><\/i> <p  class=\"text-center\">Une super \u00e9quipe tr\u00e8s pro et disponible. Merci \u00e0 vous, on se revoit dans 2 ans pour la passerelle \ud83d\ude09\ud83c\udfcd\ufe0f<\/p>  <h6  class=\"\">Avis FB : Duc Barounel<\/h6> <p  class=\"small italic\">sept 2020<\/p><\/div> <\/div> <div  class=\"col-xs-12 col-sm-6 col-md-4\"> <div  class=\"card y-move bordered\" data-type=\"column\"> <i  class=\"fa fa-quote-right icon color1 small quotation-icon\"><\/i> <p  class=\"text-center\">Bonjour \u00e0 tous et toutes, j\u2019ai pass\u00e9 ma formation un peu sp\u00e9ciale pour moto\u2026 Je poss\u00e8de un Can Am Spyder et merci Carole pour ces 7 heures pass\u00e9es ensemble.  Tu t\u2019es tr\u00e8s bien adapt\u00e9 \u00e0 ce mod\u00e8le et j\u2019ai en ta compagnie pris de l\u2019assurance et beaucoup de plaisir \u00e0 conduire.  Auto \u00e9cole s\u00e9rieuse alors n\u2019h\u00e9sitez pas \u00e0 vous y inscrire.<\/p>  <h6  class=\"\">Avis FB&nbsp; Di DIle<\/h6> <p  class=\"small italic\">Juin 2017<\/p><\/div> <\/div><\/div> <\/div><\/div>","protected":false},"excerpt":{"rendered":"<p>Notre \u00e9quipe Notre \u00e9quipe est l\u00e0 pour vous accompagner dans votre r\u00e9ussite au permis ! Cindy Gestion administative&nbsp;Charg\u00e9e de relation avec les \u00e9l\u00e8ves Yannick G\u00e9rant Moniteur Auto \/ Remorque R\u00e9f\u00e9rent p\u00e9dagoqique Carole G\u00e9rante Monitrice Auto \/ Moto R\u00e9f\u00e9rente p\u00e9dagogique R\u00e9f\u00e9rente Handicap Michel Moniteur Auto \/ Moto Manon Monitrice Auto Taux de r\u00e9ussite permis 2024 Nous&hellip; <br \/> <a class=\"read-more\" href=\"https:\/\/automotoecole-issurtille-stjulien.fr\/\">Lire la suite<\/a><\/p>\n","protected":false},"author":1,"featured_media":0,"parent":0,"menu_order":0,"comment_status":"closed","ping_status":"closed","template":"page-templates\/homepage.php","meta":{"footnotes":""},"class_list":["post-283","page","type-page","status-publish","hentry"],"_links":{"self":[{"href":"https:\/\/automotoecole-issurtille-stjulien.fr\/index.php\/wp-json\/wp\/v2\/pages\/283","targetHints":{"allow":["GET"]}}],"collection":[{"href":"https:\/\/automotoecole-issurtille-stjulien.fr\/index.php\/wp-json\/wp\/v2\/pages"}],"about":[{"href":"https:\/\/automotoecole-issurtille-stjulien.fr\/index.php\/wp-json\/wp\/v2\/types\/page"}],"author":[{"embeddable":true,"href":"https:\/\/automotoecole-issurtille-stjulien.fr\/index.php\/wp-json\/wp\/v2\/users\/1"}],"replies":[{"embeddable":true,"href":"https:\/\/automotoecole-issurtille-stjulien.fr\/index.php\/wp-json\/wp\/v2\/comments?post=283"}],"version-history":[{"count":9,"href":"https:\/\/automotoecole-issurtille-stjulien.fr\/index.php\/wp-json\/wp\/v2\/pages\/283\/revisions"}],"predecessor-version":[{"id":378,"href":"https:\/\/automotoecole-issurtille-stjulien.fr\/index.php\/wp-json\/wp\/v2\/pages\/283\/revisions\/378"}],"wp:attachment":[{"href":"https:\/\/automotoecole-issurtille-stjulien.fr\/index.php\/wp-json\/wp\/v2\/media?parent=283"}],"curies":[{"name":"wp","href":"https:\/\/api.w.org\/{rel}","templated":true}]}}