{"id":31,"date":"2019-05-27T10:28:15","date_gmt":"2019-05-27T08:28:15","guid":{"rendered":"http:\/\/automotoecole-issurtille-stjulien.fr\/?page_id=31"},"modified":"2024-03-11T09:43:50","modified_gmt":"2024-03-11T08:43:50","slug":"permis-b-evaluation-de-depart","status":"publish","type":"page","link":"https:\/\/automotoecole-issurtille-stjulien.fr\/index.php\/permis-b-evaluation-de-depart\/","title":{"rendered":"Permis B : Evaluation de d\u00e9part"},"content":{"rendered":"\n<p><strong>PROC\u00c9D\u00c9 DE POSITIONNEMENT ET D\u2019\u00c9VALUATION<\/strong><\/p>\n\n\n\n<p><strong>PERMIS B<\/strong><\/p>\n\n\n\n<p>Pour d\u00e9buter votre formation, une \u00e9valuation de vos comp\u00e9tences va \u00eatre r\u00e9alis\u00e9e.<\/p>\n\n\n\n<p>Il s\u2019agit d\u2019un test d\u2019\u00e9valuation de capacit\u00e9s et d\u2019aptitudes et non d\u2019un acte de formation.<\/p>\n\n\n\n<p>Cette \u00e9valuation permettra de vous proposer un volume de formation adapt\u00e9e \u00e0 vos besoins, accompagn\u00e9 d&rsquo;une proposition commerciale chiffr\u00e9e.<\/p>\n\n\n\n<p>Il pourra \u00eatre revu \u00e0 la hausse ou \u00e0 la baisse, en fonction de votre implication dans la formation, ainsi que par la fr\u00e9quence des heures.<\/p>\n\n\n\n<p><strong>Les moyens utilis\u00e9s et la dur\u00e9e&nbsp;:<\/strong><\/p>\n\n\n\n<p>Sur ordinateur dans les locaux de l\u2019auto-\u00e9cole  \u00e0 ST Julien, 45 minutes   <\/p>\n\n\n\n<p>Sur simulateur \u00e0 l&rsquo;auto \u00e9cole Is sur Tille, 45 minutes.<\/p>\n\n\n\n<p><strong>Aptitudes et comp\u00e9tences \u00e9valu\u00e9es<\/strong><\/p>\n\n\n\n<p><em>Sur Ordinateur<\/em> ou simulateur, \u00a0sont\u00a0\u00e9valu\u00e9es les aptitudes cognitives\u00a0:<\/p>\n\n\n\n<p>Concentration&nbsp;; Coordination motrice&nbsp;; Inhibition&nbsp;; M\u00e9moire visuelle&nbsp;\u00e0 court terme ; Estimation&nbsp;; Largeur du champ de vision&nbsp;; Adaptation&nbsp;; Attention partag\u00e9e&nbsp;; Pr\u00e9vention des risques&nbsp;; Ob\u00e9issance aux r\u00e8gles&nbsp;; Balayage visuel&nbsp;; Temps de r\u00e9action.<\/p>\n\n\n\n<p><em>En Voiture<\/em>,\u00a0sont \u00e9valu\u00e9es\u00a0par des\u00a0exercices, les comp\u00e9tences concernant\u00a0:<\/p>\n\n\n\n<ul class=\"wp-block-list\">\n<li>L\u2019exp\u00e9rience de la conduite&nbsp;;<\/li>\n\n\n\n<li>Les connaissances du v\u00e9hicule&nbsp;;<\/li>\n\n\n\n<li>Les attitudes \u00e0 l\u2019\u00e9gard de l\u2019apprentissage et de la s\u00e9curit\u00e9&nbsp;;<\/li>\n\n\n\n<li>Les habilit\u00e9s&nbsp;;<\/li>\n\n\n\n<li>La compr\u00e9hension et la m\u00e9moire&nbsp;;<\/li>\n\n\n\n<li>La perception visuelle&nbsp;;<\/li>\n\n\n\n<li>L\u2019\u00e9motivit\u00e9.<\/li>\n<\/ul>\n\n\n\n<p><strong>Information du public<\/strong><\/p>\n\n\n\n<p>Le proc\u00e9d\u00e9 de l&rsquo;\u00e9valuation est port\u00e9 \u00e0 la connaissance du public par un affichage dans les locaux de l&rsquo;\u00e9cole de conduite.<\/p>\n","protected":false},"excerpt":{"rendered":"<p>PROC\u00c9D\u00c9 DE POSITIONNEMENT ET D\u2019\u00c9VALUATION PERMIS B Pour d\u00e9buter votre formation, une \u00e9valuation de vos comp\u00e9tences va \u00eatre r\u00e9alis\u00e9e. Il s\u2019agit d\u2019un test d\u2019\u00e9valuation de capacit\u00e9s et d\u2019aptitudes et non d\u2019un acte de formation. Cette \u00e9valuation permettra de vous proposer un volume de formation adapt\u00e9e \u00e0 vos besoins, accompagn\u00e9 d&rsquo;une proposition commerciale chiffr\u00e9e. Il pourra&hellip; <br \/> <a class=\"read-more\" href=\"https:\/\/automotoecole-issurtille-stjulien.fr\/index.php\/permis-b-evaluation-de-depart\/\">Lire la suite<\/a><\/p>\n","protected":false},"author":1,"featured_media":0,"parent":0,"menu_order":0,"comment_status":"closed","ping_status":"closed","template":"","meta":{"footnotes":""},"class_list":["post-31","page","type-page","status-publish","hentry"],"_links":{"self":[{"href":"https:\/\/automotoecole-issurtille-stjulien.fr\/index.php\/wp-json\/wp\/v2\/pages\/31","targetHints":{"allow":["GET"]}}],"collection":[{"href":"https:\/\/automotoecole-issurtille-stjulien.fr\/index.php\/wp-json\/wp\/v2\/pages"}],"about":[{"href":"https:\/\/automotoecole-issurtille-stjulien.fr\/index.php\/wp-json\/wp\/v2\/types\/page"}],"author":[{"embeddable":true,"href":"https:\/\/automotoecole-issurtille-stjulien.fr\/index.php\/wp-json\/wp\/v2\/users\/1"}],"replies":[{"embeddable":true,"href":"https:\/\/automotoecole-issurtille-stjulien.fr\/index.php\/wp-json\/wp\/v2\/comments?post=31"}],"version-history":[{"count":3,"href":"https:\/\/automotoecole-issurtille-stjulien.fr\/index.php\/wp-json\/wp\/v2\/pages\/31\/revisions"}],"predecessor-version":[{"id":363,"href":"https:\/\/automotoecole-issurtille-stjulien.fr\/index.php\/wp-json\/wp\/v2\/pages\/31\/revisions\/363"}],"wp:attachment":[{"href":"https:\/\/automotoecole-issurtille-stjulien.fr\/index.php\/wp-json\/wp\/v2\/media?parent=31"}],"curies":[{"name":"wp","href":"https:\/\/api.w.org\/{rel}","templated":true}]}}