{"id":339,"date":"2023-01-04T19:12:35","date_gmt":"2023-01-04T18:12:35","guid":{"rendered":"http:\/\/automotoecole-issurtille-stjulien.fr\/?page_id=339"},"modified":"2023-01-04T19:12:35","modified_gmt":"2023-01-04T18:12:35","slug":"questions-permis-2","status":"publish","type":"page","link":"https:\/\/automotoecole-issurtille-stjulien.fr\/index.php\/questions-permis-2\/","title":{"rendered":"Questions permis"},"content":{"rendered":"\n<div class=\"wp-block-themeisle-blocks-advanced-columns has-1-columns has-desktop-equal-layout has-tablet-equal-layout has-mobile-equal-layout has-default-gap has-vertical-unset\" id=\"wp-block-themeisle-blocks-advanced-columns-768f7002\"><div class=\"wp-block-themeisle-blocks-advanced-columns-overlay\"><\/div><div class=\"innerblocks-wrap\">\n<div class=\"wp-block-themeisle-blocks-advanced-column\" id=\"wp-block-themeisle-blocks-advanced-column-db080c41\">\n<p>Vous retrouverez ci-dessous les :<\/p>\n\n\n\n<ul class=\"wp-block-list\"><li>V\u00e9rifications techniques.<\/li><\/ul>\n\n\n\n<ul class=\"wp-block-list\"><li>Questions en lien avec la s\u00e9curit\u00e9<br>routi\u00e8re.<\/li><li>Questions portant sur les notions<br>\u00e9l\u00e9mentaires de premiers secours.<\/li><\/ul>\n<\/div>\n<\/div><\/div>\n\n\n\n<div data-wp-interactive=\"core\/file\" class=\"wp-block-file\"><object data-wp-bind--hidden=\"!state.hasPdfPreview\" hidden class=\"wp-block-file__embed\" data=\"http:\/\/automotoecole-issurtille-stjulien.fr\/wp-content\/uploads\/2023\/01\/Verifs.pdf\" type=\"application\/pdf\" style=\"width:100%;height:600px\" aria-label=\"Contenu embarqu\u00e9 Contenu embarqu\u00e9 Verifs..\"><\/object><a id=\"wp-block-file--media-e38f55c8-fbb9-4e25-a11f-9b1c4c134178\" href=\"http:\/\/automotoecole-issurtille-stjulien.fr\/wp-content\/uploads\/2023\/01\/Verifs.pdf\">Verifs<\/a><a href=\"http:\/\/automotoecole-issurtille-stjulien.fr\/wp-content\/uploads\/2023\/01\/Verifs.pdf\" class=\"wp-block-file__button\" download aria-describedby=\"wp-block-file--media-e38f55c8-fbb9-4e25-a11f-9b1c4c134178\">T\u00e9l\u00e9charger<\/a><\/div>\n","protected":false},"excerpt":{"rendered":"","protected":false},"author":1,"featured_media":0,"parent":0,"menu_order":0,"comment_status":"closed","ping_status":"closed","template":"","meta":{"footnotes":""},"class_list":["post-339","page","type-page","status-publish","hentry"],"_links":{"self":[{"href":"https:\/\/automotoecole-issurtille-stjulien.fr\/index.php\/wp-json\/wp\/v2\/pages\/339","targetHints":{"allow":["GET"]}}],"collection":[{"href":"https:\/\/automotoecole-issurtille-stjulien.fr\/index.php\/wp-json\/wp\/v2\/pages"}],"about":[{"href":"https:\/\/automotoecole-issurtille-stjulien.fr\/index.php\/wp-json\/wp\/v2\/types\/page"}],"author":[{"embeddable":true,"href":"https:\/\/automotoecole-issurtille-stjulien.fr\/index.php\/wp-json\/wp\/v2\/users\/1"}],"replies":[{"embeddable":true,"href":"https:\/\/automotoecole-issurtille-stjulien.fr\/index.php\/wp-json\/wp\/v2\/comments?post=339"}],"version-history":[{"count":1,"href":"https:\/\/automotoecole-issurtille-stjulien.fr\/index.php\/wp-json\/wp\/v2\/pages\/339\/revisions"}],"predecessor-version":[{"id":341,"href":"https:\/\/automotoecole-issurtille-stjulien.fr\/index.php\/wp-json\/wp\/v2\/pages\/339\/revisions\/341"}],"wp:attachment":[{"href":"https:\/\/automotoecole-issurtille-stjulien.fr\/index.php\/wp-json\/wp\/v2\/media?parent=339"}],"curies":[{"name":"wp","href":"https:\/\/api.w.org\/{rel}","templated":true}]}}