{"id":353,"date":"2024-01-05T22:27:23","date_gmt":"2024-01-05T21:27:23","guid":{"rendered":"https:\/\/automotoecole-issurtille-stjulien.fr\/?page_id=353"},"modified":"2024-01-05T22:30:07","modified_gmt":"2024-01-05T21:30:07","slug":"permis-a","status":"publish","type":"page","link":"https:\/\/automotoecole-issurtille-stjulien.fr\/index.php\/permis-a\/","title":{"rendered":"PERMIS A"},"content":{"rendered":"\n<div class=\"wp-block-themeisle-blocks-advanced-columns has-1-columns has-desktop-equal-layout has-tablet-equal-layout has-mobile-equal-layout has-default-gap has-vertical-unset\" id=\"wp-block-themeisle-blocks-advanced-columns-087a089e\"><div class=\"wp-block-themeisle-blocks-advanced-columns-overlay\"><\/div><div class=\"innerblocks-wrap\">\n<div class=\"wp-block-themeisle-blocks-advanced-column\" id=\"wp-block-themeisle-blocks-advanced-column-276f6c85\"><\/div>\n<\/div><\/div>\n\n\n\n<h2 class=\"wp-block-heading has-medium-font-size\">ENJEUX et d\u00e9roulement de la formation<\/h2>\n\n\n\n<h3 class=\"wp-block-heading has-medium-font-size\">La dimension sociale de l\u2019usage de la motocyclette, au m\u00eame titre que l\u2019automobile, se d\u00e9veloppe fortement. Au del\u00e0 du plaisir de conduire et des loisirs, il devient aussi un outil pratique de d\u00e9placement pour les \u00e9tudes, le travail.<\/h3>\n\n\n\n<p>Les conducteurs de motocyclette sont largement surexpos\u00e9s aux risques routiers.<\/p>\n\n\n\n<p>L\u2019effort de renforcement de l\u2019\u00e9ducation et de la formation \u00e0 la conduite de ce type de v\u00e9hicule doit donc \u00eatre poursuivi.<\/p>\n\n\n\n<p>L\u2019objectif g\u00e9n\u00e9ral de la formation est d\u2019amener tous conducteurs \u00e0 la ma\u00eetrise de comp\u00e9tences&nbsp; en terme de savoirs, savoir-\u00eatre, savoir-faire et savoir-devenir.<\/p>\n\n\n\n<p>L\u2019\u00e9preuve pratique de l\u2019examen du permis de conduire des cat\u00e9gorie A1 et A2 comporte deux phases :<\/p>\n\n\n\n<ul class=\"wp-block-list\">\n<li>Hors circulation (plateau)<\/li>\n\n\n\n<li>Circulation<\/li>\n<\/ul>\n\n\n\n<p>Ces deux phases de l\u2019\u00e9preuve pratique sont \u00e9valu\u00e9es par un inspecteur du permis de conduire et de la s\u00e9curit\u00e9 routi\u00e8re.<\/p>\n\n\n\n<p>Le permis A permet de conduire tous types de motos quelque soit leur puissance.<\/p>\n\n\n\n<p>Pour y acc\u00e9der, vous devez OBLIGATOIREMENT \u00eatre en possession de votre PERMIS A2 depuis au moins 2 ans et avoir suivi une formation de 7 heures .<\/p>\n\n\n\n<p>Le but de cette formation est de vous adapter \u00e0 un nouveau v\u00e9hicule de plus de 35 kilowatts.<\/p>\n\n\n\n<p class=\"has-medium-font-size\"><strong>Programme de la formation :<\/strong><\/p>\n\n\n\n<ul class=\"wp-block-list\">\n<li><strong>S\u00e9quence th\u00e9orique (2 heures<\/strong>) : Cette s\u00e9quence a pour but d&rsquo;\u00e9changer avec le moniteur sur vos habitudes de conduite. Elle&nbsp;permet \u00e9galement de vous montrer les risques potentiels des grosses cylindr\u00e9es, et d&rsquo;\u00e9changer sur les diff\u00e9rents th\u00e8mes de la s\u00e9curit\u00e9 routi\u00e8re.(voir parcours formation A)<\/li>\n\n\n\n<li><strong>S\u00e9quence pratique hors circulation (2 heures maniabilit\u00e9)<\/strong>&nbsp;: Le but de cette s\u00e9quence est de prendre en main une moto plus puissante et de r\u00e9adapter vos habitudes face \u00e0 ce type de machine, les diff\u00e9rents exercices propos\u00e9s vous permettront de&nbsp;comprendre&nbsp;la n\u00e9cessit\u00e9 d\u2019anticiper et d\u2019adapter votre comportement pour \u00e9viter la gestion de situations dangereuses.<\/li>\n<\/ul>\n\n\n\n<ul class=\"wp-block-list\">\n<li><strong>S\u00e9quences pratique en circulation (3 heures)<\/strong>&nbsp;: <\/li>\n\n\n\n<li>r\u00e9alisation d&rsquo;un&nbsp;audit de 30 minutes minimum&nbsp;portant sur votre perception, votre analyse, vos d\u00e9cisions et vos actions<strong>&nbsp;<\/strong>. <\/li>\n\n\n\n<li>Le temps restant vous&nbsp;mettrez en pratique les remarques et conseils qui vous auront \u00e9t\u00e9 donn\u00e9s.Cl\u00f4ture de la formation (20 minutes) \u00e9changes et bilans.<\/li>\n<\/ul>\n","protected":false},"excerpt":{"rendered":"<p>ENJEUX et d\u00e9roulement de la formation La dimension sociale de l\u2019usage de la motocyclette, au m\u00eame titre que l\u2019automobile, se d\u00e9veloppe fortement. Au del\u00e0 du plaisir de conduire et des loisirs, il devient aussi un outil pratique de d\u00e9placement pour les \u00e9tudes, le travail. Les conducteurs de motocyclette sont largement surexpos\u00e9s aux risques routiers. L\u2019effort&hellip; <br \/> <a class=\"read-more\" href=\"https:\/\/automotoecole-issurtille-stjulien.fr\/index.php\/permis-a\/\">Lire la suite<\/a><\/p>\n","protected":false},"author":1,"featured_media":0,"parent":0,"menu_order":0,"comment_status":"closed","ping_status":"closed","template":"","meta":{"footnotes":""},"class_list":["post-353","page","type-page","status-publish","hentry"],"_links":{"self":[{"href":"https:\/\/automotoecole-issurtille-stjulien.fr\/index.php\/wp-json\/wp\/v2\/pages\/353","targetHints":{"allow":["GET"]}}],"collection":[{"href":"https:\/\/automotoecole-issurtille-stjulien.fr\/index.php\/wp-json\/wp\/v2\/pages"}],"about":[{"href":"https:\/\/automotoecole-issurtille-stjulien.fr\/index.php\/wp-json\/wp\/v2\/types\/page"}],"author":[{"embeddable":true,"href":"https:\/\/automotoecole-issurtille-stjulien.fr\/index.php\/wp-json\/wp\/v2\/users\/1"}],"replies":[{"embeddable":true,"href":"https:\/\/automotoecole-issurtille-stjulien.fr\/index.php\/wp-json\/wp\/v2\/comments?post=353"}],"version-history":[{"count":2,"href":"https:\/\/automotoecole-issurtille-stjulien.fr\/index.php\/wp-json\/wp\/v2\/pages\/353\/revisions"}],"predecessor-version":[{"id":356,"href":"https:\/\/automotoecole-issurtille-stjulien.fr\/index.php\/wp-json\/wp\/v2\/pages\/353\/revisions\/356"}],"wp:attachment":[{"href":"https:\/\/automotoecole-issurtille-stjulien.fr\/index.php\/wp-json\/wp\/v2\/media?parent=353"}],"curies":[{"name":"wp","href":"https:\/\/api.w.org\/{rel}","templated":true}]}}