{"id":55,"date":"2019-05-27T11:01:18","date_gmt":"2019-05-27T09:01:18","guid":{"rendered":"http:\/\/automotoecole-issurtille-stjulien.fr\/?page_id=55"},"modified":"2021-07-31T16:51:39","modified_gmt":"2021-07-31T14:51:39","slug":"reglement-interieur","status":"publish","type":"page","link":"https:\/\/automotoecole-issurtille-stjulien.fr\/index.php\/reglement-interieur\/","title":{"rendered":"R\u00e8glement int\u00e9rieur"},"content":{"rendered":"\n<h2 class=\"wp-block-heading\"><\/h2>\n\n\n\n<p>Parce que nous souhaitons respecter nos engagements, assurer votre s\u00e9curit\u00e9 et celle des autres, et vous satisfaire, nous avons \u00e9labor\u00e9 un r\u00e8glement int\u00e9rieur qui pr\u00e9cise les \u00e9l\u00e9ments suivants :<strong>\n<\/strong><\/p>\n\n\n\n<p>&#8211; Les r\u00e8gles d\u2019hygi\u00e8ne et de s\u00e9curit\u00e9 ;<strong>\n<\/strong><\/p>\n\n\n\n<p>&#8211; Les consignes de s\u00e9curit\u00e9 ;<strong>\n<\/strong><\/p>\n\n\n\n<p>&#8211; L\u2019acc\u00e8s aux locaux ;<strong>\n<\/strong><\/p>\n\n\n\n<p>&#8211; L\u2019organisation des cours th\u00e9oriques et pratiques ;<strong>\n<\/strong><\/p>\n\n\n\n<p>&#8211; La tenue vestimentaire exig\u00e9e pour les cours pratiques ;<strong>\n<\/strong><\/p>\n\n\n\n<p>&#8211; L\u2019utilisation du mat\u00e9riel p\u00e9dagogique ;<strong>\n<\/strong><\/p>\n\n\n\n<p>&#8211; L\u2019assiduit\u00e9 des stagiaires ;<strong>\n<\/strong><\/p>\n\n\n\n<p>&#8211; Le comportement des stagiaires ;<strong>\n<\/strong><\/p>\n\n\n\n<p>&#8211; Les sanctions disciplinaires.\u00a0\u00bb<\/p>\n\n\n\n<p>Pour consulter notre r\u00e8glement int\u00e9rieur<\/p>\n\n\n\n<div class=\"wp-block-file\"><a href=\"http:\/\/automotoecole-issurtille-stjulien.fr\/wp-content\/uploads\/2021\/07\/reglement-interieur-is-sur-tille.pdf\">reglement-interieur-is-sur-tille<\/a><a href=\"http:\/\/automotoecole-issurtille-stjulien.fr\/wp-content\/uploads\/2021\/07\/reglement-interieur-is-sur-tille.pdf\" class=\"wp-block-file__button\" download>T\u00e9l\u00e9charger<\/a><\/div>\n\n\n\n<div class=\"wp-block-file\"><a href=\"http:\/\/automotoecole-issurtille-stjulien.fr\/wp-content\/uploads\/2021\/07\/reglement-interieur-saint-ju.pdf\">reglement-interieur-saint-ju<\/a><a href=\"http:\/\/automotoecole-issurtille-stjulien.fr\/wp-content\/uploads\/2021\/07\/reglement-interieur-saint-ju.pdf\" class=\"wp-block-file__button\" download>T\u00e9l\u00e9charger<\/a><\/div>\n","protected":false},"excerpt":{"rendered":"<p>Parce que nous souhaitons respecter nos engagements, assurer votre s\u00e9curit\u00e9 et celle des autres, et vous satisfaire, nous avons \u00e9labor\u00e9 un r\u00e8glement int\u00e9rieur qui pr\u00e9cise les \u00e9l\u00e9ments suivants : &#8211; Les r\u00e8gles d\u2019hygi\u00e8ne et de s\u00e9curit\u00e9 ; &#8211; Les consignes de s\u00e9curit\u00e9 ; &#8211; L\u2019acc\u00e8s aux locaux ; &#8211; L\u2019organisation des cours th\u00e9oriques et pratiques&hellip; <br \/> <a class=\"read-more\" href=\"https:\/\/automotoecole-issurtille-stjulien.fr\/index.php\/reglement-interieur\/\">Lire la suite<\/a><\/p>\n","protected":false},"author":1,"featured_media":0,"parent":0,"menu_order":0,"comment_status":"closed","ping_status":"closed","template":"","meta":{"footnotes":""},"class_list":["post-55","page","type-page","status-publish","hentry"],"_links":{"self":[{"href":"https:\/\/automotoecole-issurtille-stjulien.fr\/index.php\/wp-json\/wp\/v2\/pages\/55","targetHints":{"allow":["GET"]}}],"collection":[{"href":"https:\/\/automotoecole-issurtille-stjulien.fr\/index.php\/wp-json\/wp\/v2\/pages"}],"about":[{"href":"https:\/\/automotoecole-issurtille-stjulien.fr\/index.php\/wp-json\/wp\/v2\/types\/page"}],"author":[{"embeddable":true,"href":"https:\/\/automotoecole-issurtille-stjulien.fr\/index.php\/wp-json\/wp\/v2\/users\/1"}],"replies":[{"embeddable":true,"href":"https:\/\/automotoecole-issurtille-stjulien.fr\/index.php\/wp-json\/wp\/v2\/comments?post=55"}],"version-history":[{"count":6,"href":"https:\/\/automotoecole-issurtille-stjulien.fr\/index.php\/wp-json\/wp\/v2\/pages\/55\/revisions"}],"predecessor-version":[{"id":124,"href":"https:\/\/automotoecole-issurtille-stjulien.fr\/index.php\/wp-json\/wp\/v2\/pages\/55\/revisions\/124"}],"wp:attachment":[{"href":"https:\/\/automotoecole-issurtille-stjulien.fr\/index.php\/wp-json\/wp\/v2\/media?parent=55"}],"curies":[{"name":"wp","href":"https:\/\/api.w.org\/{rel}","templated":true}]}}