{"id":57,"date":"2019-05-27T14:42:11","date_gmt":"2019-05-27T12:42:11","guid":{"rendered":"http:\/\/automotoecole-issurtille-stjulien.fr\/?page_id=57"},"modified":"2022-03-28T10:32:22","modified_gmt":"2022-03-28T08:32:22","slug":"parcours-de-formation","status":"publish","type":"page","link":"https:\/\/automotoecole-issurtille-stjulien.fr\/index.php\/parcours-de-formation\/","title":{"rendered":"Parcours de formation"},"content":{"rendered":"\n<h2 class=\"wp-block-heading\">Parce que vous \u00eates unique votre parcours de formation l&rsquo;est aussi.<strong> <\/strong><\/h2>\n\n\n\n<p>Vous allez apprendre \u00e0 manipuler un v\u00e9hicule, \u00e0 circuler dans diff\u00e9rentes configurations et \u00e0 en conna\u00eetre les risques et les limites. Cela demande de la motivation et de la pers\u00e9v\u00e9rance.<\/p>\n\n\n\n<p>Le parcours de formation qui vous est propos\u00e9 vous permettra de progresser, de conna\u00eetre les r\u00e8gles du code de la route, de devenir un conducteur responsable et de vous pr\u00e9parer aux examens du permis de conduire.<\/p>\n\n\n\n<p>En signant un contrat avec notre auto-\u00e9cole, vous vous engagez \u00e0 suivre le programme de formation suivant&nbsp;:<\/p>\n\n\n\n<p><strong>Parcours th\u00e9orique<\/strong><\/p>\n\n\n\n<p>La formation aux cours th\u00e9oriques, portant sur diff\u00e9rentes th\u00e9matiques, se d\u00e9roule collectivement, dans les locaux de l\u2019\u00e9cole de conduite, et est dispens\u00e9e en pr\u00e9sence d\u2019un enseignant de la conduite et de la s\u00e9curit\u00e9 routi\u00e8re titulaire d\u2019une autorisation d\u2019enseigner en cours de validit\u00e9.<\/p>\n\n\n\n<p>Les horaires des cours th\u00e9oriques sont affich\u00e9s dans l\u2019\u00e9tablissement.<\/p>\n\n\n\n<p>La formation th\u00e9orique sur des questions d\u2019entra\u00eenement au code pourra \u00eatre suivie soit dans les locaux de l\u2019\u00e9cole de conduite avec un support m\u00e9dia tel que DVD, Box ou avec un enseignant, soit sur Internet.<\/p>\n\n\n\n<p><strong>Parcours pratique<\/strong><\/p>\n\n\n\n<p>La phase de pratique d\u00e9butera pendant la phase th\u00e9orique.<\/p>\n\n\n\n<p>Pendant la phase pratique, vous serez amen\u00e9 \u00e0 circuler :<\/p>\n\n\n\n<p>&#8211; en ville ;<\/p>\n\n\n\n<p>&#8211; en rase campagne ;<\/p>\n\n\n\n<p>&#8211; sur autoroute ;<\/p>\n\n\n\n<p>&#8211; la nuit (si le cas se pr\u00e9sente).<\/p>\n\n\n\n<p>Pour en savoir plus&nbsp;:<\/p>\n\n\n\n<p><\/p>\n\n\n\n<div class=\"wp-block-file\"><a href=\"http:\/\/automotoecole-issurtille-stjulien.fr\/wp-content\/uploads\/2019\/05\/Parcours-de-formation-B-AAC-CS-ISSURTILLE.pdf\">Parcours de formation B-AAC-CS [ISSURTILLE]<\/a><a href=\"http:\/\/automotoecole-issurtille-stjulien.fr\/wp-content\/uploads\/2019\/05\/Parcours-de-formation-B-AAC-CS-ISSURTILLE.pdf\" class=\"wp-block-file__button\" download>T\u00e9l\u00e9charger<\/a><\/div>\n\n\n\n<div class=\"wp-block-file\"><a href=\"http:\/\/automotoecole-issurtille-stjulien.fr\/wp-content\/uploads\/2019\/05\/Parcours-de-formation-B-AAC-CS-ST-JULIEN.pdf\">Parcours de formation B-AAC-CS [ST JULIEN]<\/a><a href=\"http:\/\/automotoecole-issurtille-stjulien.fr\/wp-content\/uploads\/2019\/05\/Parcours-de-formation-B-AAC-CS-ST-JULIEN.pdf\" class=\"wp-block-file__button\" download>T\u00e9l\u00e9charger<\/a><\/div>\n","protected":false},"excerpt":{"rendered":"<p>Parce que vous \u00eates unique votre parcours de formation l&rsquo;est aussi. Vous allez apprendre \u00e0 manipuler un v\u00e9hicule, \u00e0 circuler dans diff\u00e9rentes configurations et \u00e0 en conna\u00eetre les risques et les limites. Cela demande de la motivation et de la pers\u00e9v\u00e9rance. Le parcours de formation qui vous est propos\u00e9 vous permettra de progresser, de conna\u00eetre&hellip; <br \/> <a class=\"read-more\" href=\"https:\/\/automotoecole-issurtille-stjulien.fr\/index.php\/parcours-de-formation\/\">Lire la suite<\/a><\/p>\n","protected":false},"author":1,"featured_media":0,"parent":0,"menu_order":0,"comment_status":"closed","ping_status":"closed","template":"","meta":{"footnotes":""},"class_list":["post-57","page","type-page","status-publish","hentry"],"_links":{"self":[{"href":"https:\/\/automotoecole-issurtille-stjulien.fr\/index.php\/wp-json\/wp\/v2\/pages\/57","targetHints":{"allow":["GET"]}}],"collection":[{"href":"https:\/\/automotoecole-issurtille-stjulien.fr\/index.php\/wp-json\/wp\/v2\/pages"}],"about":[{"href":"https:\/\/automotoecole-issurtille-stjulien.fr\/index.php\/wp-json\/wp\/v2\/types\/page"}],"author":[{"embeddable":true,"href":"https:\/\/automotoecole-issurtille-stjulien.fr\/index.php\/wp-json\/wp\/v2\/users\/1"}],"replies":[{"embeddable":true,"href":"https:\/\/automotoecole-issurtille-stjulien.fr\/index.php\/wp-json\/wp\/v2\/comments?post=57"}],"version-history":[{"count":3,"href":"https:\/\/automotoecole-issurtille-stjulien.fr\/index.php\/wp-json\/wp\/v2\/pages\/57\/revisions"}],"predecessor-version":[{"id":280,"href":"https:\/\/automotoecole-issurtille-stjulien.fr\/index.php\/wp-json\/wp\/v2\/pages\/57\/revisions\/280"}],"wp:attachment":[{"href":"https:\/\/automotoecole-issurtille-stjulien.fr\/index.php\/wp-json\/wp\/v2\/media?parent=57"}],"curies":[{"name":"wp","href":"https:\/\/api.w.org\/{rel}","templated":true}]}}