{"id":58,"date":"2019-05-27T12:31:51","date_gmt":"2019-05-27T10:31:51","guid":{"rendered":"http:\/\/automotoecole-issurtille-stjulien.fr\/?page_id=58"},"modified":"2022-03-29T13:03:05","modified_gmt":"2022-03-29T11:03:05","slug":"lieu-et-usage-de-la-piste-moto","status":"publish","type":"page","link":"https:\/\/automotoecole-issurtille-stjulien.fr\/index.php\/lieu-et-usage-de-la-piste-moto\/","title":{"rendered":"Lieu et usage de la piste moto"},"content":{"rendered":"\n<p>Auto Ecole Is sur Tille \/ St Julien<\/p>\n\n\n\n<p><strong>FORMATION PR\u00c9PARATOIRE \u00c0 LA CONDUITE<\/strong> <strong>DES DEUX ROUES MOTORIS\u00c9S<\/strong><\/p>\n\n\n\n<p><strong>Formations aux cat\u00e9gories AM, Al, A2, A du permis de conduire<\/strong> <strong>et pour la conduite des v\u00e9hicules de cat\u00e9gorie L5e.<\/strong><\/p>\n\n\n\n<p><strong>Adresse de la formation hors circulation&nbsp;:<\/strong><\/p>\n\n\n\n<p><strong>Salle polyvalente<\/strong><\/p>\n\n\n\n<p>Rue du Joncheroy<\/p>\n\n\n\n<p>21&nbsp;490 St-Julien<\/p>\n\n\n\n<p><strong>Temps de parcours \u00e0 partir de l\u2019\u00e9cole de conduite&nbsp;:<\/strong><\/p>\n\n\n\n<p>Au d\u00e9part de Saint Julien&nbsp;: 5 min<\/p>\n\n\n\n<p>Au d\u00e9part d\u2019Is sur Tille&nbsp;: 25 min<\/p>\n\n\n\n<p><strong>Partage de la piste de formation&nbsp;:<\/strong><\/p>\n\n\n\n<p>La piste est \u00e0 usage exclusif des auto \u00e9coles is sur tille et Saint Julien<\/p>\n\n\n\n<p><strong>Piste priv\u00e9e&nbsp;:<\/strong><\/p>\n\n\n\n<p>Mise \u00e0 disposition par la Mairie de Saint Julien<\/p>\n\n\n\n<p><strong>Capacit\u00e9 d\u2019accueil&nbsp;:<\/strong><\/p>\n\n\n\n<p>7 \u00e9l\u00e8ves peuvent \u00eatre accueillis simultan\u00e9ment<\/p>\n\n\n\n<p><strong>Disponibilit\u00e9 de la piste&nbsp;:<\/strong><\/p>\n\n\n\n<p>L\u2019amplitude horaire de la piste est de 8h00 \u00e0 19h00.<\/p>\n\n\n\n<figure class=\"wp-block-image\"><img decoding=\"async\" src=\"https:\/\/autoecolemultiformations.fr\/wp-content\/uploads\/2017\/10\/moto-ecole-puiseaux-malesherbes.jpg\" alt=\"Afficher l\u2019image source\"\/><\/figure>\n","protected":false},"excerpt":{"rendered":"<p>Auto Ecole Is sur Tille \/ St Julien FORMATION PR\u00c9PARATOIRE \u00c0 LA CONDUITE DES DEUX ROUES MOTORIS\u00c9S Formations aux cat\u00e9gories AM, Al, A2, A du permis de conduire et pour la conduite des v\u00e9hicules de cat\u00e9gorie L5e. Adresse de la formation hors circulation&nbsp;: Salle polyvalente Rue du Joncheroy 21&nbsp;490 St-Julien Temps de parcours \u00e0 partir&hellip; <br \/> <a class=\"read-more\" href=\"https:\/\/automotoecole-issurtille-stjulien.fr\/index.php\/lieu-et-usage-de-la-piste-moto\/\">Lire la suite<\/a><\/p>\n","protected":false},"author":1,"featured_media":0,"parent":0,"menu_order":0,"comment_status":"closed","ping_status":"closed","template":"","meta":{"footnotes":""},"class_list":["post-58","page","type-page","status-publish","hentry"],"_links":{"self":[{"href":"https:\/\/automotoecole-issurtille-stjulien.fr\/index.php\/wp-json\/wp\/v2\/pages\/58","targetHints":{"allow":["GET"]}}],"collection":[{"href":"https:\/\/automotoecole-issurtille-stjulien.fr\/index.php\/wp-json\/wp\/v2\/pages"}],"about":[{"href":"https:\/\/automotoecole-issurtille-stjulien.fr\/index.php\/wp-json\/wp\/v2\/types\/page"}],"author":[{"embeddable":true,"href":"https:\/\/automotoecole-issurtille-stjulien.fr\/index.php\/wp-json\/wp\/v2\/users\/1"}],"replies":[{"embeddable":true,"href":"https:\/\/automotoecole-issurtille-stjulien.fr\/index.php\/wp-json\/wp\/v2\/comments?post=58"}],"version-history":[{"count":3,"href":"https:\/\/automotoecole-issurtille-stjulien.fr\/index.php\/wp-json\/wp\/v2\/pages\/58\/revisions"}],"predecessor-version":[{"id":308,"href":"https:\/\/automotoecole-issurtille-stjulien.fr\/index.php\/wp-json\/wp\/v2\/pages\/58\/revisions\/308"}],"wp:attachment":[{"href":"https:\/\/automotoecole-issurtille-stjulien.fr\/index.php\/wp-json\/wp\/v2\/media?parent=58"}],"curies":[{"name":"wp","href":"https:\/\/api.w.org\/{rel}","templated":true}]}}