{"id":96,"date":"2020-10-26T21:57:41","date_gmt":"2020-10-26T20:57:41","guid":{"rendered":"http:\/\/automotoecole-issurtille-stjulien.fr\/?page_id=96"},"modified":"2021-07-31T17:46:12","modified_gmt":"2021-07-31T15:46:12","slug":"le-rendez-vous-post-permis","status":"publish","type":"page","link":"https:\/\/automotoecole-issurtille-stjulien.fr\/index.php\/le-rendez-vous-post-permis\/","title":{"rendered":"Le rendez-vous post-permis"},"content":{"rendered":"\n<h2 class=\"wp-block-heading\">Les formations post-permis, c\u2019est quoi ?<\/h2>\n\n\n\n<p>En 1999, l\u2019\u00c9tat a instaur\u00e9 des stages de conduite avec label \u00ab&nbsp;<strong>Formations post-permis \u2013 s\u00e9curit\u00e9 routi\u00e8re&nbsp;\u00bb<\/strong>, en partenariat avec des compagnies d&rsquo;assurance auto<a rel=\"noreferrer noopener\" aria-label=\"assurance auto&nbsp; (opens in a new tab)\" href=\"https:\/\/www.lelynx.fr\/assurance-auto\/\" target=\"_blank\">&nbsp;<\/a>et des professionnels de l\u2019enseignement de la conduite.<\/p>\n\n\n\n<p>Afin de permettre une actualisation des connaissances g\u00e9n\u00e9rales sur la signalisation, l\u2019infrastructure, les r\u00e8gles de circulation et de favoriser la prise de conscience des facteurs de risque (vitesse, alcool, fatigue\u2026) pour les conducteurs exp\u00e9riment\u00e9s, des&nbsp;<strong>stages de perfectionnement \u00e0 la conduite<\/strong>&nbsp;ont \u00e9t\u00e9 institu\u00e9s dans des centres sp\u00e9cialis\u00e9s, en partenariat avec des assurances automobile et des entreprises.<\/p>\n\n\n\n<p>Certains assureurs automobile prennent en charge les formations post-permis. Renseignez-vous aupr\u00e8s de votre assurance voiture.<\/p>\n\n\n\n<h2 class=\"wp-block-heading\">A qui s\u2019adresse les formations post permis ?<\/h2>\n\n\n\n<p>Le dispositif de formation compl\u00e9mentaire post-permis se base sur le principe du volontariat. Les conducteurs ayant obtenu leur permis il y a 6 mois minimum et un an maximum peuvent y postuler. Voici les cat\u00e9gories de permis concern\u00e9es :<\/p>\n\n\n\n<ul class=\"wp-block-list\"><li>Permis A1 ;<\/li><li>Permis A2<\/li><li>Permis B ;<\/li><li>Permis B1.<\/li><\/ul>\n\n\n\n<h2 class=\"wp-block-heading\">Formation post permis et p\u00e9riode probatoire<\/h2>\n\n\n\n<p>La p\u00e9riode probatoire apr\u00e8s obtention du permis de conduire dure trois ans. Cette p\u00e9riode peut d\u00e9j\u00e0 \u00eatre r\u00e9duite pour tous les jeunes conducteurs&nbsp;ayant pass\u00e9 une formation en apprentissage anticip\u00e9 de la conduite (AAC). Lors d\u2019une formation post permis, le conducteur obtient une r\u00e9duction de sa p\u00e9riode probatoire&nbsp;<strong>de trois \u00e0 deux ans<\/strong>.<\/p>\n\n\n\n<p>Pour les conducteurs ayant suivi un permis en conduite accompagn\u00e9e, la p\u00e9riode probatoire est&nbsp;<strong>r\u00e9duite de six mois<\/strong>.<\/p>\n\n\n\n<h2 class=\"wp-block-heading\">Comment se d\u00e9roule une formation post permis ?<\/h2>\n\n\n\n<p>La&nbsp;<strong>journ\u00e9e de formation<\/strong>&nbsp;compl\u00e9mentaire pour les premiers permis est collective. Elle dure sept heures et s\u2019articule majoritairement sur l\u2019\u00e9change entre les jeunes conducteurs sur plusieurs cas de conduite.<\/p>\n\n\n\n<p>A l\u2019issue de la formation post permis, l&rsquo;auto \u00e9cole dans laquelle vous avez pass\u00e9 le stage vous d\u00e9livre une\u00a0<strong>attestation de formation post permis<\/strong>.<\/p>\n\n\n\n<div class=\"wp-block-file\"><a href=\"https:\/\/automotoecole-issurtille-stjulien.fr\/wp-content\/uploads\/2021\/07\/programme-de-la-formation-complementaire.pdf\">programme-de-la-formation-complementaire<\/a><a href=\"https:\/\/automotoecole-issurtille-stjulien.fr\/wp-content\/uploads\/2021\/07\/programme-de-la-formation-complementaire.pdf\" class=\"wp-block-file__button\" download>T\u00e9l\u00e9charger<\/a><\/div>\n\n\n\n<p><\/p>\n\n\n\n<p><\/p>\n\n\n\n<p><\/p>\n\n\n\n<p><\/p>\n","protected":false},"excerpt":{"rendered":"<p>Les formations post-permis, c\u2019est quoi ? En 1999, l\u2019\u00c9tat a instaur\u00e9 des stages de conduite avec label \u00ab&nbsp;Formations post-permis \u2013 s\u00e9curit\u00e9 routi\u00e8re&nbsp;\u00bb, en partenariat avec des compagnies d&rsquo;assurance auto&nbsp;et des professionnels de l\u2019enseignement de la conduite. Afin de permettre une actualisation des connaissances g\u00e9n\u00e9rales sur la signalisation, l\u2019infrastructure, les r\u00e8gles de circulation et de favoriser&hellip; <br \/> <a class=\"read-more\" href=\"https:\/\/automotoecole-issurtille-stjulien.fr\/index.php\/le-rendez-vous-post-permis\/\">Lire la suite<\/a><\/p>\n","protected":false},"author":1,"featured_media":0,"parent":0,"menu_order":0,"comment_status":"closed","ping_status":"closed","template":"","meta":{"footnotes":""},"class_list":["post-96","page","type-page","status-publish","hentry"],"_links":{"self":[{"href":"https:\/\/automotoecole-issurtille-stjulien.fr\/index.php\/wp-json\/wp\/v2\/pages\/96","targetHints":{"allow":["GET"]}}],"collection":[{"href":"https:\/\/automotoecole-issurtille-stjulien.fr\/index.php\/wp-json\/wp\/v2\/pages"}],"about":[{"href":"https:\/\/automotoecole-issurtille-stjulien.fr\/index.php\/wp-json\/wp\/v2\/types\/page"}],"author":[{"embeddable":true,"href":"https:\/\/automotoecole-issurtille-stjulien.fr\/index.php\/wp-json\/wp\/v2\/users\/1"}],"replies":[{"embeddable":true,"href":"https:\/\/automotoecole-issurtille-stjulien.fr\/index.php\/wp-json\/wp\/v2\/comments?post=96"}],"version-history":[{"count":2,"href":"https:\/\/automotoecole-issurtille-stjulien.fr\/index.php\/wp-json\/wp\/v2\/pages\/96\/revisions"}],"predecessor-version":[{"id":128,"href":"https:\/\/automotoecole-issurtille-stjulien.fr\/index.php\/wp-json\/wp\/v2\/pages\/96\/revisions\/128"}],"wp:attachment":[{"href":"https:\/\/automotoecole-issurtille-stjulien.fr\/index.php\/wp-json\/wp\/v2\/media?parent=96"}],"curies":[{"name":"wp","href":"https:\/\/api.w.org\/{rel}","templated":true}]}}